{"id":16660,"date":"2021-12-27T12:22:28","date_gmt":"2021-12-27T17:22:28","guid":{"rendered":"https:\/\/homedecor.bosc.co\/store\/?post_type=product&#038;p=16660"},"modified":"2021-12-27T12:22:28","modified_gmt":"2021-12-27T17:22:28","slug":"lampara-stuttgart","status":"publish","type":"product","link":"https:\/\/homedecor.bosc.co\/store\/producto\/lampara-stuttgart\/","title":{"rendered":"L\u00e1mpara Stuttgart"},"content":{"rendered":"<ul>\n<li><span class=\"a-list-item\">L\u00e1mpara de techo de montaje semiempotrado: esta l\u00e1mpara de montaje semiempotrado con aspecto elegante y r\u00fastico, no solo es una iluminaci\u00f3n de granja, sino tambi\u00e9n una decoraci\u00f3n moderna y hermosa. El dise\u00f1o de montaje empotrado de los accesorios de techo para interiores crea un ambiente c\u00f3modo y moderno para tus habitaciones y funciona bien en una variedad de entornos, desde industrial a contempor\u00e1neo <\/span><\/li>\n<li><span class=\"a-list-item\">Dise\u00f1o de luz vintage de granja: este chanelier de acabado dorado tiene un cuerpo moderno con una elegante base dorada y bombillas multidireccionales que permiten que la luz brille a trav\u00e9s para iluminar tu espacio. Combina con una variedad de estilos, ya sea industrial, granja, campo o casa moderada. Se adapta a todos los espacios como dormitorio, sala de estar, ba\u00f1o, isla de cocina, pasillo, vest\u00edbulo. A\u00f1ade un mont\u00f3n de personajes a tus habitaciones <\/span><\/li>\n<li><span class=\"a-list-item\">F\u00e1cil instalaci\u00f3n: montaje semi empotrado. Pon las patas en el plato peque\u00f1o. Conecta los cables con el cable principal. A trav\u00e9s del cable principal hasta el toldo. Fija la placa de montaje al techo. Conecta los cables. Fija el toldo a la placa con tornillos. Instala 6 bombillas E26. Refresca el pasillo, ba\u00f1o, tocador, tocador, dormitorio, cocina, vest\u00edbulo o sala de estar, este accesorio te ayudar\u00e1 a distinguir tu estilo <\/span><\/li>\n<li><span class=\"a-list-item\">Requisito de bombilla: la l\u00e1mpara de granja cuenta con casquillo E26 que es compatible con una variedad de tipos de bombillas: LED, INCANDESCENT, CFL. Para eficiencia energ\u00e9tica, se recomienda la bombilla LED estilo Edison. Las l\u00e1mparas industriales son regulables cuando las bombillas tienen un interruptor de atenuaci\u00f3n compatible. (Bombillas y regulador de intensidad no incluidos) <\/span><\/li>\n<li><span class=\"a-list-item\">Servicio de cliente fiable: esta l\u00e1mpara de techo se instala con cable, viene con una pieza desmontada, debe montarla, pero f\u00e1cil de montar. Si tienes alg\u00fan problema al instalar este accesorio de luz, no dudes en ponerte en contacto con nosotros. Podemos proporcionar orientaci\u00f3n profesional<\/span><\/li>\n<\/ul>\n","protected":false},"excerpt":{"rendered":"<p>L\u00e1mpara de techo de montaje semiempotrado: esta l\u00e1mpara de montaje semiempotrado con aspecto elegante y r\u00fastico, no solo es una iluminaci\u00f3n de granja, sino tambi\u00e9n una decoraci\u00f3n moderna y hermosa.&hellip;<\/p>\n","protected":false},"featured_media":16661,"comment_status":"open","ping_status":"closed","template":"","meta":[],"product_cat":[163],"product_tag":[],"class_list":["post-16660","product","type-product","status-publish","has-post-thumbnail","hentry","product_cat-lamparas-de-techo","layout-style-1","col-md-4 col-sm-4 col-xs-6","product-has-gallery","product-style-default"],"_links":{"self":[{"href":"https:\/\/homedecor.bosc.co\/store\/wp-json\/wp\/v2\/product\/16660","targetHints":{"allow":["GET"]}}],"collection":[{"href":"https:\/\/homedecor.bosc.co\/store\/wp-json\/wp\/v2\/product"}],"about":[{"href":"https:\/\/homedecor.bosc.co\/store\/wp-json\/wp\/v2\/types\/product"}],"replies":[{"embeddable":true,"href":"https:\/\/homedecor.bosc.co\/store\/wp-json\/wp\/v2\/comments?post=16660"}],"wp:featuredmedia":[{"embeddable":true,"href":"https:\/\/homedecor.bosc.co\/store\/wp-json\/wp\/v2\/media\/16661"}],"wp:attachment":[{"href":"https:\/\/homedecor.bosc.co\/store\/wp-json\/wp\/v2\/media?parent=16660"}],"wp:term":[{"taxonomy":"product_cat","embeddable":true,"href":"https:\/\/homedecor.bosc.co\/store\/wp-json\/wp\/v2\/product_cat?post=16660"},{"taxonomy":"product_tag","embeddable":true,"href":"https:\/\/homedecor.bosc.co\/store\/wp-json\/wp\/v2\/product_tag?post=16660"}],"curies":[{"name":"wp","href":"https:\/\/api.w.org\/{rel}","templated":true}]}}