{"id":16651,"date":"2021-12-27T12:17:48","date_gmt":"2021-12-27T17:17:48","guid":{"rendered":"https:\/\/homedecor.bosc.co\/store\/?post_type=product&#038;p=16651"},"modified":"2021-12-27T12:17:48","modified_gmt":"2021-12-27T17:17:48","slug":"lampara-nuremberg","status":"publish","type":"product","link":"https:\/\/homedecor.bosc.co\/store\/producto\/lampara-nuremberg\/","title":{"rendered":"L\u00e1mpara N\u00fcremberg"},"content":{"rendered":"<ul class=\"a-unordered-list a-vertical a-spacing-mini\">\n<li><span class=\"a-list-item\">Escena de instalaci\u00f3n: el estilo de iluminaci\u00f3n vintage es adecuado para pasillos, balcones, vest\u00edbulos, dormitorios, pasillos, cocinas. <\/span><\/li>\n<li><span class=\"a-list-item\">Tama\u00f1o de la l\u00e1mpara: altura 12.99 pulgadas, ancho 12.99 pulgadas, longitud 12.99 pulgadas <\/span><\/li>\n<li><span class=\"a-list-item\">Tipo de bombilla: bombilla (E26) se recomienda utilizar un m\u00e1ximo de 60 W (cada bombilla) (bombilla no incluida). Si necesitas atenuaci\u00f3n, puedes comprar bombillas de atenuaci\u00f3n y reguladores. <\/span><\/li>\n<li><span class=\"a-list-item\">F\u00e1cil instalaci\u00f3n: se necesita una peque\u00f1a pieza para ser montada, con dibujos de instalaci\u00f3n detallados, si no entiende la instalaci\u00f3n, por favor ponte en contacto con nosotros. <\/span><\/li>\n<li><span class=\"a-list-item\">Recordatorio: si tienes alguna pregunta, ponte en contacto con el servicio de atenci\u00f3n al cliente de Amazon.<\/span><\/li>\n<\/ul>\n","protected":false},"excerpt":{"rendered":"<p>Escena de instalaci\u00f3n: el estilo de iluminaci\u00f3n vintage es adecuado para pasillos, balcones, vest\u00edbulos, dormitorios, pasillos, cocinas. Tama\u00f1o de la l\u00e1mpara: altura 12.99 pulgadas, ancho 12.99 pulgadas, longitud 12.99 pulgadas&hellip;<\/p>\n","protected":false},"featured_media":16652,"comment_status":"open","ping_status":"closed","template":"","meta":[],"product_cat":[163],"product_tag":[],"class_list":["post-16651","product","type-product","status-publish","has-post-thumbnail","hentry","product_cat-lamparas-de-techo","layout-style-1","col-md-4 col-sm-4 col-xs-6","product-has-gallery","product-style-default"],"_links":{"self":[{"href":"https:\/\/homedecor.bosc.co\/store\/wp-json\/wp\/v2\/product\/16651","targetHints":{"allow":["GET"]}}],"collection":[{"href":"https:\/\/homedecor.bosc.co\/store\/wp-json\/wp\/v2\/product"}],"about":[{"href":"https:\/\/homedecor.bosc.co\/store\/wp-json\/wp\/v2\/types\/product"}],"replies":[{"embeddable":true,"href":"https:\/\/homedecor.bosc.co\/store\/wp-json\/wp\/v2\/comments?post=16651"}],"wp:featuredmedia":[{"embeddable":true,"href":"https:\/\/homedecor.bosc.co\/store\/wp-json\/wp\/v2\/media\/16652"}],"wp:attachment":[{"href":"https:\/\/homedecor.bosc.co\/store\/wp-json\/wp\/v2\/media?parent=16651"}],"wp:term":[{"taxonomy":"product_cat","embeddable":true,"href":"https:\/\/homedecor.bosc.co\/store\/wp-json\/wp\/v2\/product_cat?post=16651"},{"taxonomy":"product_tag","embeddable":true,"href":"https:\/\/homedecor.bosc.co\/store\/wp-json\/wp\/v2\/product_tag?post=16651"}],"curies":[{"name":"wp","href":"https:\/\/api.w.org\/{rel}","templated":true}]}}