{"id":16645,"date":"2021-12-27T11:50:41","date_gmt":"2021-12-27T16:50:41","guid":{"rendered":"https:\/\/homedecor.bosc.co\/store\/?post_type=product&#038;p=16645"},"modified":"2021-12-27T11:50:41","modified_gmt":"2021-12-27T16:50:41","slug":"lampara-dusseldorf","status":"publish","type":"product","link":"https:\/\/homedecor.bosc.co\/store\/producto\/lampara-dusseldorf\/","title":{"rendered":"L\u00e1mpara D\u00fcsseldorf"},"content":{"rendered":"<ul class=\"a-unordered-list a-vertical a-spacing-mini\">\n<li><span class=\"a-list-item\">Dise\u00f1o moderno de 6 luces: esta l\u00e1mpara de techo industrial moderna adapta un dise\u00f1o de 6 l\u00e1mparas multidireccionales, proceso de galvanoplastia dorada para hacer que la forma general de esta l\u00e1mpara de sal\u00f3n sea m\u00e1s hermosa, y la placa de techo adopta un dise\u00f1o de disco, que es m\u00e1s estable. <\/span><\/li>\n<li><span class=\"a-list-item\">Tama\u00f1o de la fijaci\u00f3n: di\u00e1metro de 20.669\u00a0in (bombillas no incluidas), altura de la fijaci\u00f3n de 8.268\u00a0in, toldo de 4.724\u00a0in. Esta l\u00e1mpara de ara\u00f1a Sputnik viene con dise\u00f1o de 6 luces multidireccionales. Se puede ajustar a diferentes formas seg\u00fan tus necesidades. Brazo de l\u00e1mpara ajustable <\/span><\/li>\n<li><span class=\"a-list-item\">Opci\u00f3n de bombilla: las bombillas utilizadas en estas l\u00e1mparas de dormitorio son casi compatibles con todas las bombillas E26 en el mercado, como bombillas inteligentes, incandescentes, LED o bombillas CFL. Tambi\u00e9n esta l\u00e1mpara de ara\u00f1a puede coincidir con el interruptor de atenuaci\u00f3n para ajustar el brillo. Pero por favor, presta atenci\u00f3n a que esta luz de montaje empotrado Sputnik viene sin bombillas. <\/span><\/li>\n<li><span class=\"a-list-item\">Amplia aplicaci\u00f3n: esta l\u00e1mpara de techo de montaje empotrado de mediados de siglo no solo puede proporcionar iluminaci\u00f3n, sino tambi\u00e9n una muy buena decoraci\u00f3n moderna para el hogar. El dise\u00f1o de sputnik puede decorar tu comedor, entrada, cocina, sala de estar, pasillo, dormitorio, incluso restaurantes, hoteles, supermercados y centro comercial. <\/span><\/li>\n<li><span class=\"a-list-item\">Aviso: para todos los accesorios de montaje empotrado que est\u00e1n a punto de ser enviados, debemos pasar una serie de inspecciones y pruebas antes del env\u00edo para garantizar que la luz de montaje empotrado que ofrecemos es segura y de alta calidad.<\/span><\/li>\n<\/ul>\n","protected":false},"excerpt":{"rendered":"<p>Dise\u00f1o moderno de 6 luces: esta l\u00e1mpara de techo industrial moderna adapta un dise\u00f1o de 6 l\u00e1mparas multidireccionales, proceso de galvanoplastia dorada para hacer que la forma general de esta&hellip;<\/p>\n","protected":false},"featured_media":16646,"comment_status":"open","ping_status":"closed","template":"","meta":[],"product_cat":[163],"product_tag":[],"class_list":["post-16645","product","type-product","status-publish","has-post-thumbnail","hentry","product_cat-lamparas-de-techo","layout-style-1","col-md-4 col-sm-4 col-xs-6","product-has-gallery","product-style-default"],"_links":{"self":[{"href":"https:\/\/homedecor.bosc.co\/store\/wp-json\/wp\/v2\/product\/16645","targetHints":{"allow":["GET"]}}],"collection":[{"href":"https:\/\/homedecor.bosc.co\/store\/wp-json\/wp\/v2\/product"}],"about":[{"href":"https:\/\/homedecor.bosc.co\/store\/wp-json\/wp\/v2\/types\/product"}],"replies":[{"embeddable":true,"href":"https:\/\/homedecor.bosc.co\/store\/wp-json\/wp\/v2\/comments?post=16645"}],"wp:featuredmedia":[{"embeddable":true,"href":"https:\/\/homedecor.bosc.co\/store\/wp-json\/wp\/v2\/media\/16646"}],"wp:attachment":[{"href":"https:\/\/homedecor.bosc.co\/store\/wp-json\/wp\/v2\/media?parent=16645"}],"wp:term":[{"taxonomy":"product_cat","embeddable":true,"href":"https:\/\/homedecor.bosc.co\/store\/wp-json\/wp\/v2\/product_cat?post=16645"},{"taxonomy":"product_tag","embeddable":true,"href":"https:\/\/homedecor.bosc.co\/store\/wp-json\/wp\/v2\/product_tag?post=16645"}],"curies":[{"name":"wp","href":"https:\/\/api.w.org\/{rel}","templated":true}]}}