{"id":16639,"date":"2021-12-27T11:33:06","date_gmt":"2021-12-27T16:33:06","guid":{"rendered":"https:\/\/homedecor.bosc.co\/store\/?post_type=product&#038;p=16639"},"modified":"2021-12-27T11:52:00","modified_gmt":"2021-12-27T16:52:00","slug":"lampara-colonia","status":"publish","type":"product","link":"https:\/\/homedecor.bosc.co\/store\/producto\/lampara-colonia\/","title":{"rendered":"L\u00e1mpara Colonia"},"content":{"rendered":"<ul>\n<li>Hecho de metal de alta calidad con una construcci\u00f3n resistente y acabado dorado cepillado. El di\u00e1metro de la base de la luz es de 4,7 pulgadas. Longitud de iluminaci\u00f3n 26,8 pulgadas, ancho 7,8 pulgadas.<br \/>\nLa l\u00e1mpara de ara\u00f1a Colonia puede agregar un toque divertido de modernidad a las habitaciones y producir mucha luz para iluminar la noche. Perfecto para pasillo, ba\u00f1o, cafeter\u00eda, restaurante, dormitorio, etc.<\/li>\n<li>Instalaci\u00f3n con cable y sin enchufe, debe colocar todos los cables en la bola central y el destornillador aprieta las ramas con cada tornillo. F\u00e1cil instalaci\u00f3n y bricolaje<\/li>\n<li>Funciona con base de bombilla 8 \u00d7 E26 (bombillas no incluidas), m\u00e1ximo 60 vatios. La l\u00e1mpara Colonia puede ser compatible con los tipos de bombillas LED \/ hal\u00f3genas \/ incandescentes \/ CFL.<\/li>\n<li>Si tiene alguna pregunta sobre el producto, no dude en contactarnos. Es un placer para nosotros resolver los problemas de nuestros clientes.<\/li>\n<\/ul>\n","protected":false},"excerpt":{"rendered":"<p>Hecho de metal de alta calidad con una construcci\u00f3n resistente y acabado dorado cepillado. El di\u00e1metro de la base de la luz es de 4,7 pulgadas. Longitud de iluminaci\u00f3n 26,8&hellip;<\/p>\n","protected":false},"featured_media":16640,"comment_status":"open","ping_status":"closed","template":"","meta":[],"product_cat":[163],"product_tag":[],"class_list":["post-16639","product","type-product","status-publish","has-post-thumbnail","hentry","product_cat-lamparas-de-techo","layout-style-1","col-md-4 col-sm-4 col-xs-6","product-has-gallery","product-style-default"],"_links":{"self":[{"href":"https:\/\/homedecor.bosc.co\/store\/wp-json\/wp\/v2\/product\/16639","targetHints":{"allow":["GET"]}}],"collection":[{"href":"https:\/\/homedecor.bosc.co\/store\/wp-json\/wp\/v2\/product"}],"about":[{"href":"https:\/\/homedecor.bosc.co\/store\/wp-json\/wp\/v2\/types\/product"}],"replies":[{"embeddable":true,"href":"https:\/\/homedecor.bosc.co\/store\/wp-json\/wp\/v2\/comments?post=16639"}],"wp:featuredmedia":[{"embeddable":true,"href":"https:\/\/homedecor.bosc.co\/store\/wp-json\/wp\/v2\/media\/16640"}],"wp:attachment":[{"href":"https:\/\/homedecor.bosc.co\/store\/wp-json\/wp\/v2\/media?parent=16639"}],"wp:term":[{"taxonomy":"product_cat","embeddable":true,"href":"https:\/\/homedecor.bosc.co\/store\/wp-json\/wp\/v2\/product_cat?post=16639"},{"taxonomy":"product_tag","embeddable":true,"href":"https:\/\/homedecor.bosc.co\/store\/wp-json\/wp\/v2\/product_tag?post=16639"}],"curies":[{"name":"wp","href":"https:\/\/api.w.org\/{rel}","templated":true}]}}