{"id":16632,"date":"2021-12-27T11:20:52","date_gmt":"2021-12-27T16:20:52","guid":{"rendered":"https:\/\/homedecor.bosc.co\/store\/?post_type=product&#038;p=16632"},"modified":"2021-12-27T11:20:52","modified_gmt":"2021-12-27T16:20:52","slug":"lampara-dresde","status":"publish","type":"product","link":"https:\/\/homedecor.bosc.co\/store\/producto\/lampara-dresde\/","title":{"rendered":"L\u00e1mpara Dresde"},"content":{"rendered":"<ul class=\"a-unordered-list a-vertical a-spacing-mini\">\n<li><span class=\"a-list-item\">Tama\u00f1o de la l\u00e1mpara: 9.84 pulgadas de alto x 33.85 pulgadas de ancho, 4.72 pulgadas de ancho. Esta l\u00e1mpara de ara\u00f1a est\u00e1 cableada, requiere instalaci\u00f3n (si la pantalla est\u00e1 rota, ponte en contacto con nosotros para obtener una nueva pantalla) <\/span><\/li>\n<li><span class=\"a-list-item\">Tipo de bombilla: bombilla (E 26) recomendada como m\u00e1ximo 60 W (por bombilla) se puede comprar una bombilla regulable y un regulador de intensidad. <\/span><\/li>\n<li><span class=\"a-list-item\">Escena de instalaci\u00f3n: el estilo de iluminaci\u00f3n moderno es adecuado para sala de estar, comedor, cocina y dormitorio (Nota: instala la pantalla cuidadosamente. Nota: nuestra pantalla es gris ahumado claro) <\/span><\/li>\n<li><span class=\"a-list-item\">Instalaci\u00f3n sencilla: las piezas peque\u00f1as necesitan ser montadas, con dibujos de instalaci\u00f3n detallados. Si no entiende la instalaci\u00f3n, ponte en contacto con nosotros <\/span><\/li>\n<li><span class=\"a-list-item\">Servicio al cliente profesional: nuestro servicio y productos har\u00e1n que est\u00e9s satisfecho. Si tienes alguna pregunta, no dudes en ponerte en contacto con nosotros.<\/span><\/li>\n<\/ul>\n","protected":false},"excerpt":{"rendered":"<p>Tama\u00f1o de la l\u00e1mpara: 9.84 pulgadas de alto x 33.85 pulgadas de ancho, 4.72 pulgadas de ancho. Esta l\u00e1mpara de ara\u00f1a est\u00e1 cableada, requiere instalaci\u00f3n (si la pantalla est\u00e1 rota,&hellip;<\/p>\n","protected":false},"featured_media":16634,"comment_status":"open","ping_status":"closed","template":"","meta":[],"product_cat":[163],"product_tag":[],"class_list":["post-16632","product","type-product","status-publish","has-post-thumbnail","hentry","product_cat-lamparas-de-techo","layout-style-1","col-md-4 col-sm-4 col-xs-6","product-has-gallery","product-style-default"],"_links":{"self":[{"href":"https:\/\/homedecor.bosc.co\/store\/wp-json\/wp\/v2\/product\/16632","targetHints":{"allow":["GET"]}}],"collection":[{"href":"https:\/\/homedecor.bosc.co\/store\/wp-json\/wp\/v2\/product"}],"about":[{"href":"https:\/\/homedecor.bosc.co\/store\/wp-json\/wp\/v2\/types\/product"}],"replies":[{"embeddable":true,"href":"https:\/\/homedecor.bosc.co\/store\/wp-json\/wp\/v2\/comments?post=16632"}],"wp:featuredmedia":[{"embeddable":true,"href":"https:\/\/homedecor.bosc.co\/store\/wp-json\/wp\/v2\/media\/16634"}],"wp:attachment":[{"href":"https:\/\/homedecor.bosc.co\/store\/wp-json\/wp\/v2\/media?parent=16632"}],"wp:term":[{"taxonomy":"product_cat","embeddable":true,"href":"https:\/\/homedecor.bosc.co\/store\/wp-json\/wp\/v2\/product_cat?post=16632"},{"taxonomy":"product_tag","embeddable":true,"href":"https:\/\/homedecor.bosc.co\/store\/wp-json\/wp\/v2\/product_tag?post=16632"}],"curies":[{"name":"wp","href":"https:\/\/api.w.org\/{rel}","templated":true}]}}