{"id":16626,"date":"2021-11-09T16:43:09","date_gmt":"2021-11-09T21:43:09","guid":{"rendered":"https:\/\/homedecor.bosc.co\/store\/?post_type=product&#038;p=16626"},"modified":"2022-01-13T12:09:28","modified_gmt":"2022-01-13T17:09:28","slug":"lampara-chandellier-vizcaino","status":"publish","type":"product","link":"https:\/\/homedecor.bosc.co\/store\/producto\/lampara-chandellier-vizcaino\/","title":{"rendered":"L\u00e1mpara Chandellier Vizcaino"},"content":{"rendered":"<ul class=\"a-unordered-list a-vertical a-spacing-mini\">\n<li><span class=\"a-list-item\">Requiere montaje. F\u00e1cil de instalar. Incluye todos los componentes necesarios para la instalaci\u00f3n directa de una l\u00e1mpara de techo est\u00e1ndar.<\/span><\/li>\n<li><span class=\"a-list-item\">Visualizaci\u00f3n art\u00edstica negra. Gasa negra de cristal transparente. De alta calidad. Instrucciones de instalaci\u00f3n (idioma espa\u00f1ol no garantizado). Adecuada para: sala de estar, comedor, vest\u00edbulo, habitaci\u00f3n, pasillo y oficina.<\/span><\/li>\n<\/ul>\n","protected":false},"excerpt":{"rendered":"<p>Requiere montaje. F\u00e1cil de instalar. Incluye todos los componentes necesarios para la instalaci\u00f3n directa de una l\u00e1mpara de techo est\u00e1ndar. Visualizaci\u00f3n art\u00edstica negra. Gasa negra de cristal transparente. De alta&hellip;<\/p>\n","protected":false},"featured_media":16627,"comment_status":"open","ping_status":"closed","template":"","meta":[],"product_cat":[165],"product_tag":[],"class_list":["post-16626","product","type-product","status-publish","has-post-thumbnail","hentry","product_cat-lamparas-chandellier","layout-style-1","col-md-4 col-sm-4 col-xs-6","product-has-gallery","product-style-default"],"_links":{"self":[{"href":"https:\/\/homedecor.bosc.co\/store\/wp-json\/wp\/v2\/product\/16626","targetHints":{"allow":["GET"]}}],"collection":[{"href":"https:\/\/homedecor.bosc.co\/store\/wp-json\/wp\/v2\/product"}],"about":[{"href":"https:\/\/homedecor.bosc.co\/store\/wp-json\/wp\/v2\/types\/product"}],"replies":[{"embeddable":true,"href":"https:\/\/homedecor.bosc.co\/store\/wp-json\/wp\/v2\/comments?post=16626"}],"wp:featuredmedia":[{"embeddable":true,"href":"https:\/\/homedecor.bosc.co\/store\/wp-json\/wp\/v2\/media\/16627"}],"wp:attachment":[{"href":"https:\/\/homedecor.bosc.co\/store\/wp-json\/wp\/v2\/media?parent=16626"}],"wp:term":[{"taxonomy":"product_cat","embeddable":true,"href":"https:\/\/homedecor.bosc.co\/store\/wp-json\/wp\/v2\/product_cat?post=16626"},{"taxonomy":"product_tag","embeddable":true,"href":"https:\/\/homedecor.bosc.co\/store\/wp-json\/wp\/v2\/product_tag?post=16626"}],"curies":[{"name":"wp","href":"https:\/\/api.w.org\/{rel}","templated":true}]}}