{"id":16599,"date":"2021-10-11T14:30:15","date_gmt":"2021-10-11T19:30:15","guid":{"rendered":"https:\/\/homedecor.bosc.co\/store\/?post_type=product&#038;p=16599"},"modified":"2022-02-23T12:19:40","modified_gmt":"2022-02-23T17:19:40","slug":"lampara-oxford","status":"publish","type":"product","link":"https:\/\/homedecor.bosc.co\/store\/producto\/lampara-oxford\/","title":{"rendered":"L\u00e1mpara Oxford"},"content":{"rendered":"<ul class=\"a-unordered-list a-vertical a-spacing-mini\">\n<li><span class=\"a-list-item\">Elemento de cristal de moda en un dise\u00f1o de pantalla de l\u00e1mpara de fuegos artificiales, esta vez, no es una bola de fuegos artificiales, pero en un tama\u00f1o m\u00e1s largo y m\u00e1s grande, iluminar\u00e1 m\u00e1s \u00e1rea para satisfacer tus necesidades<\/span><\/li>\n<li><span class=\"a-list-item\">F\u00e1cil instalaci\u00f3n. Todas las cuentas de cristal est\u00e1n atadas en cables y se colocan en diferentes bolsas, simplemente cu\u00e9lgalas de acuerdo con las instrucciones (idioma espa\u00f1ol no garantizado)<\/span><\/li>\n<li><span class=\"a-list-item\">Adopta una placa de techo de metal de alta calidad, fuerte capacidad de carga, las cuentas de cristal K9 tienen una fuerte transmisi\u00f3n de luz y una buena sensaci\u00f3n al tacto, crea sentimientos \u00fanicos<\/span><\/li>\n<li><span class=\"a-list-item\">Dimensiones: 35.4\u00a0in de largo x 15.7\u00a0in de ancho, m\u00e1ximo 59.1\u00a0in de alto, fuente de luz: 12 bombillas G9 (no incluidas). Aseg\u00farate de comprar bombillas de 110 V blancas o c\u00e1lidas (seg\u00fan tus preferencias y necesidades de habitaci\u00f3n). Tambi\u00e9n puedes utilizar bombillas regulables para regular la intensidad de la luz a trav\u00e9s de un regulador (no incluido)<\/span><\/li>\n<li><span class=\"a-list-item\">La l\u00e1mpara colgante tiene un dise\u00f1o de gama alta y un ambiente bonito que crea podr\u00eda perfecto para sala de estar, dormitorio, comedor, cocina, ba\u00f1o, vest\u00edbulo, pasillo, oficina, tiendas, habitaci\u00f3n de las ni\u00f1as, decoraci\u00f3n de la habitaci\u00f3n de los ni\u00f1os.<\/span><\/li>\n<\/ul>\n","protected":false},"excerpt":{"rendered":"<p>Elemento de cristal de moda en un dise\u00f1o de pantalla de l\u00e1mpara de fuegos artificiales, esta vez, no es una bola de fuegos artificiales, pero en un tama\u00f1o m\u00e1s largo&hellip;<\/p>\n","protected":false},"featured_media":16600,"comment_status":"open","ping_status":"closed","template":"","meta":[],"product_cat":[163],"product_tag":[],"class_list":["post-16599","product","type-product","status-publish","has-post-thumbnail","hentry","product_cat-lamparas-de-techo","layout-style-1","col-md-4 col-sm-4 col-xs-6","product-has-gallery","product-style-default"],"_links":{"self":[{"href":"https:\/\/homedecor.bosc.co\/store\/wp-json\/wp\/v2\/product\/16599","targetHints":{"allow":["GET"]}}],"collection":[{"href":"https:\/\/homedecor.bosc.co\/store\/wp-json\/wp\/v2\/product"}],"about":[{"href":"https:\/\/homedecor.bosc.co\/store\/wp-json\/wp\/v2\/types\/product"}],"replies":[{"embeddable":true,"href":"https:\/\/homedecor.bosc.co\/store\/wp-json\/wp\/v2\/comments?post=16599"}],"wp:featuredmedia":[{"embeddable":true,"href":"https:\/\/homedecor.bosc.co\/store\/wp-json\/wp\/v2\/media\/16600"}],"wp:attachment":[{"href":"https:\/\/homedecor.bosc.co\/store\/wp-json\/wp\/v2\/media?parent=16599"}],"wp:term":[{"taxonomy":"product_cat","embeddable":true,"href":"https:\/\/homedecor.bosc.co\/store\/wp-json\/wp\/v2\/product_cat?post=16599"},{"taxonomy":"product_tag","embeddable":true,"href":"https:\/\/homedecor.bosc.co\/store\/wp-json\/wp\/v2\/product_tag?post=16599"}],"curies":[{"name":"wp","href":"https:\/\/api.w.org\/{rel}","templated":true}]}}