{"id":16592,"date":"2021-10-11T14:24:04","date_gmt":"2021-10-11T19:24:04","guid":{"rendered":"https:\/\/homedecor.bosc.co\/store\/?post_type=product&#038;p=16592"},"modified":"2021-12-28T15:56:28","modified_gmt":"2021-12-28T20:56:28","slug":"lampara-birgminham","status":"publish","type":"product","link":"https:\/\/homedecor.bosc.co\/store\/producto\/lampara-birgminham\/","title":{"rendered":"L\u00e1mpara Birgminham"},"content":{"rendered":"<ul class=\"a-unordered-list a-vertical a-spacing-mini\">\n<li><span class=\"a-list-item\">El \u00faltimo dise\u00f1o creativo de esta moderna l\u00e1mpara de ara\u00f1a de fuegos artificiales, cristal transparente K9 encordado con alambre de acero, emite un encantador brillo bajo la iluminaci\u00f3n de la luz, que recuerda a un cielo estrellado o copos de nieve rom\u00e1nticos, muy c\u00e1lido.<\/span><\/li>\n<li><span class=\"a-list-item\">Dimensiones del producto: 28.3\u00a0in de largo x 7.9\u00a0in de ancho x 15.7\u00a0in de alto. La cadena colgante es ajustable, la longitud es ajustable de 0 a 59 pulgadas.<\/span><\/li>\n<li><span class=\"a-list-item\">Fuente de Luz G9 x 8, m\u00e1x. 7 W (bombillas no incluidas). Totalmente regulable cuando se utiliza con bombilla regulable y un interruptor de atenuaci\u00f3n compatible.<\/span><\/li>\n<li><span class=\"a-list-item\">F\u00e1cil de instalar: el paquete de luces de ara\u00f1a incluye todas las piezas de montaje e instalaci\u00f3n necesarias junto con el manual de usuario (idioma espa\u00f1ol no garantizado). F\u00e1cil montaje basado en instrucciones detalladas (idioma espa\u00f1ol no garantizado).<\/span><\/li>\n<li><span class=\"a-list-item\">Fabricado con materiales de alta calidad para garantizar el uso a largo plazo de nuestro producto. Si tienes cualquier problema despu\u00e9s de recibir los art\u00edculos, ponte en contacto con nosotros.<\/span><\/li>\n<\/ul>\n","protected":false},"excerpt":{"rendered":"<p>El \u00faltimo dise\u00f1o creativo de esta moderna l\u00e1mpara de ara\u00f1a de fuegos artificiales, cristal transparente K9 encordado con alambre de acero, emite un encantador brillo bajo la iluminaci\u00f3n de la&hellip;<\/p>\n","protected":false},"featured_media":16593,"comment_status":"open","ping_status":"closed","template":"","meta":[],"product_cat":[163],"product_tag":[],"class_list":["post-16592","product","type-product","status-publish","has-post-thumbnail","hentry","product_cat-lamparas-de-techo","layout-style-1","col-md-4 col-sm-4 col-xs-6","product-has-gallery","product-style-default"],"_links":{"self":[{"href":"https:\/\/homedecor.bosc.co\/store\/wp-json\/wp\/v2\/product\/16592","targetHints":{"allow":["GET"]}}],"collection":[{"href":"https:\/\/homedecor.bosc.co\/store\/wp-json\/wp\/v2\/product"}],"about":[{"href":"https:\/\/homedecor.bosc.co\/store\/wp-json\/wp\/v2\/types\/product"}],"replies":[{"embeddable":true,"href":"https:\/\/homedecor.bosc.co\/store\/wp-json\/wp\/v2\/comments?post=16592"}],"wp:featuredmedia":[{"embeddable":true,"href":"https:\/\/homedecor.bosc.co\/store\/wp-json\/wp\/v2\/media\/16593"}],"wp:attachment":[{"href":"https:\/\/homedecor.bosc.co\/store\/wp-json\/wp\/v2\/media?parent=16592"}],"wp:term":[{"taxonomy":"product_cat","embeddable":true,"href":"https:\/\/homedecor.bosc.co\/store\/wp-json\/wp\/v2\/product_cat?post=16592"},{"taxonomy":"product_tag","embeddable":true,"href":"https:\/\/homedecor.bosc.co\/store\/wp-json\/wp\/v2\/product_tag?post=16592"}],"curies":[{"name":"wp","href":"https:\/\/api.w.org\/{rel}","templated":true}]}}