{"id":16585,"date":"2021-10-11T14:17:36","date_gmt":"2021-10-11T19:17:36","guid":{"rendered":"https:\/\/homedecor.bosc.co\/store\/?post_type=product&#038;p=16585"},"modified":"2021-10-11T14:17:36","modified_gmt":"2021-10-11T19:17:36","slug":"lampara-norwich","status":"publish","type":"product","link":"https:\/\/homedecor.bosc.co\/store\/producto\/lampara-norwich\/","title":{"rendered":"L\u00e1mpara Norwich"},"content":{"rendered":"<p>Dise\u00f1o multifuncional: esta l\u00e1mpara de ara\u00f1a de comedor se caracteriza por su dise\u00f1o \u00fanico multi\u00e1ngulo, los brazos giratorios te permiten personalizar tus necesidades de iluminaci\u00f3n y el aspecto favorito de la l\u00e1mpara de ara\u00f1a en cualquier momento. Las pantallas abiertas para copas de vino son escalonadas, mejoran el rango de luz y a\u00f1aden un brillo deslumbrante a tu espacio, que es f\u00e1cil de instalar y limpiar.<br \/>\nCandelabro dorado grande: tama\u00f1o de la l\u00e1mpara de ara\u00f1a de cristal: 28 pulgadas de di\u00e1metro y 63 pulgadas de altura (2 varillas de 20 pulgadas, 2 varillas de 10 pulgadas). Tama\u00f1o de cada globo de cristal transparente: 4.5 in de di\u00e1metro. Tama\u00f1o del toldo: 4.7 in de di\u00e1metro. Puedes ajustar la altura para colgar (0 a 63 pulgadas ajustable) seg\u00fan tu pedido, perfecto para techos bajos y techos altos, y compatible con techos inclinados o techos paralelos. La l\u00e1mpara de ara\u00f1a dorada es perfecta sobre la mesa de la cocina, sobre la mesa del comedor, sala de estar, dormitorio y mucho m\u00e1s.<br \/>\nF\u00e1cil instalaci\u00f3n: la moderna l\u00e1mpara de ara\u00f1a ya viene precableada y premontada, todo lo que necesitas para girar los brazos para seleccionar tu \u00e1ngulo favorito, conectar el cable duro a trav\u00e9s del tubo dorado oscuro, atornillar pantallas de cristal transparente y bombillas, luego montar y conectar. Ahorra tiempo y dinero con un proceso de instalaci\u00f3n que tarda menos de 30 minutos.<br \/>\nListado ETL y requisitos de bombilla: ETL listado para esta iluminaci\u00f3n colgante de oro. Las l\u00e1mparas de ara\u00f1a para comedor requieren 6 bombillas E12 tipo G de 40 W (no incluidas). Compatible con Edison, LED, incandescente o CFL. La l\u00e1mpara de comedor es totalmente regulable cuando se utiliza con bombillas de atenuaci\u00f3n compatibles e interruptor (no incluidos).<\/p>\n","protected":false},"excerpt":{"rendered":"<p>Dise\u00f1o multifuncional: esta l\u00e1mpara de ara\u00f1a de comedor se caracteriza por su dise\u00f1o \u00fanico multi\u00e1ngulo, los brazos giratorios te permiten personalizar tus necesidades de iluminaci\u00f3n y el aspecto favorito de&hellip;<\/p>\n","protected":false},"featured_media":16586,"comment_status":"open","ping_status":"closed","template":"","meta":[],"product_cat":[163],"product_tag":[],"class_list":["post-16585","product","type-product","status-publish","has-post-thumbnail","hentry","product_cat-lamparas-de-techo","layout-style-1","col-md-4 col-sm-4 col-xs-6","product-has-gallery","product-style-default"],"_links":{"self":[{"href":"https:\/\/homedecor.bosc.co\/store\/wp-json\/wp\/v2\/product\/16585","targetHints":{"allow":["GET"]}}],"collection":[{"href":"https:\/\/homedecor.bosc.co\/store\/wp-json\/wp\/v2\/product"}],"about":[{"href":"https:\/\/homedecor.bosc.co\/store\/wp-json\/wp\/v2\/types\/product"}],"replies":[{"embeddable":true,"href":"https:\/\/homedecor.bosc.co\/store\/wp-json\/wp\/v2\/comments?post=16585"}],"wp:featuredmedia":[{"embeddable":true,"href":"https:\/\/homedecor.bosc.co\/store\/wp-json\/wp\/v2\/media\/16586"}],"wp:attachment":[{"href":"https:\/\/homedecor.bosc.co\/store\/wp-json\/wp\/v2\/media?parent=16585"}],"wp:term":[{"taxonomy":"product_cat","embeddable":true,"href":"https:\/\/homedecor.bosc.co\/store\/wp-json\/wp\/v2\/product_cat?post=16585"},{"taxonomy":"product_tag","embeddable":true,"href":"https:\/\/homedecor.bosc.co\/store\/wp-json\/wp\/v2\/product_tag?post=16585"}],"curies":[{"name":"wp","href":"https:\/\/api.w.org\/{rel}","templated":true}]}}