{"id":16561,"date":"2021-10-06T12:09:40","date_gmt":"2021-10-06T17:09:40","guid":{"rendered":"https:\/\/homedecor.bosc.co\/store\/?post_type=product&#038;p=16561"},"modified":"2021-10-13T09:20:49","modified_gmt":"2021-10-13T14:20:49","slug":"set-de-bano-cambrigde","status":"publish","type":"product","link":"https:\/\/homedecor.bosc.co\/store\/producto\/set-de-bano-cambrigde\/","title":{"rendered":"Set de Ba\u00f1o Cambrigde"},"content":{"rendered":"<ul class=\"a-unordered-list a-vertical a-spacing-mini\">\n<li><span class=\"a-list-item\">Juego de accesorios de ba\u00f1o de 4 piezas: incluye 1 dispensador de jab\u00f3n, 1 soporte para cepillo de dientes, 1 vaso de ba\u00f1o y 1 jabonera. Organiza tu encimera f\u00e1cilmente, mant\u00e9n tu ba\u00f1o limpio, ordenado y ordenado.<\/span><\/li>\n<li><span class=\"a-list-item\">Material y bomba de alta calidad: nuestro juego de accesorios de ba\u00f1o est\u00e1 hecho de resina que se asemeja a la piedra natural, en comparaci\u00f3n con el vidrio fr\u00e1gil, creativo y pl\u00e1stico, tiene muy buen peso, resistente y duradero. Con bomba dispensadora de calidad, no te frustrar\u00e1s por el \u00f3xido y las fugas.<\/span><\/li>\n<li><span class=\"a-list-item\">Dise\u00f1o sencillo: este juego de accesorios de ba\u00f1o tiene un dise\u00f1o simple con gran funcionalidad, el color beige es relativamente neutro, funcionar\u00e1 bien con un mont\u00f3n de diferentes paredes de ba\u00f1o, y combinando l\u00edneas \u00fanicas hace que tu ba\u00f1o sea m\u00e1s cl\u00e1sico y elegante.<\/span><\/li>\n<li><span class=\"a-list-item\">Regalo perfecto: est\u00e1n bien empaquetados en caja, es un buen regalo para tu pareja, familia, amigos, boda o una inauguraci\u00f3n de una casa, a\u00f1ade vida al ba\u00f1o con este juego de accesorios de tocador de ba\u00f1o.<\/span><\/li>\n<li><span class=\"a-list-item\">100% promesa de servicio: si cualquier pregunta con este juego de accesorios de ba\u00f1o beige, por favor p\u00f3ngase en contacto con nosotros antes de comentarios, le proporcionaremos un servicio de satisfacci\u00f3n 100% y prometemos reembolso completo o reemplazo gratuito si no est\u00e1 satisfecho.<\/span><\/li>\n<\/ul>\n","protected":false},"excerpt":{"rendered":"<p>Juego de accesorios de ba\u00f1o de 4 piezas: incluye 1 dispensador de jab\u00f3n, 1 soporte para cepillo de dientes, 1 vaso de ba\u00f1o y 1 jabonera. Organiza tu encimera f\u00e1cilmente,&hellip;<\/p>\n","protected":false},"featured_media":16562,"comment_status":"open","ping_status":"closed","template":"","meta":[],"product_cat":[173],"product_tag":[],"class_list":["post-16561","product","type-product","status-publish","has-post-thumbnail","hentry","product_cat-set-de-bano","layout-style-1","col-md-4 col-sm-4 col-xs-6","product-has-gallery","product-style-default"],"_links":{"self":[{"href":"https:\/\/homedecor.bosc.co\/store\/wp-json\/wp\/v2\/product\/16561","targetHints":{"allow":["GET"]}}],"collection":[{"href":"https:\/\/homedecor.bosc.co\/store\/wp-json\/wp\/v2\/product"}],"about":[{"href":"https:\/\/homedecor.bosc.co\/store\/wp-json\/wp\/v2\/types\/product"}],"replies":[{"embeddable":true,"href":"https:\/\/homedecor.bosc.co\/store\/wp-json\/wp\/v2\/comments?post=16561"}],"wp:featuredmedia":[{"embeddable":true,"href":"https:\/\/homedecor.bosc.co\/store\/wp-json\/wp\/v2\/media\/16562"}],"wp:attachment":[{"href":"https:\/\/homedecor.bosc.co\/store\/wp-json\/wp\/v2\/media?parent=16561"}],"wp:term":[{"taxonomy":"product_cat","embeddable":true,"href":"https:\/\/homedecor.bosc.co\/store\/wp-json\/wp\/v2\/product_cat?post=16561"},{"taxonomy":"product_tag","embeddable":true,"href":"https:\/\/homedecor.bosc.co\/store\/wp-json\/wp\/v2\/product_tag?post=16561"}],"curies":[{"name":"wp","href":"https:\/\/api.w.org\/{rel}","templated":true}]}}