{"id":16553,"date":"2021-10-06T12:05:14","date_gmt":"2021-10-06T17:05:14","guid":{"rendered":"https:\/\/homedecor.bosc.co\/store\/?post_type=product&#038;p=16553"},"modified":"2021-10-06T12:05:14","modified_gmt":"2021-10-06T17:05:14","slug":"set-de-bano-cambridge","status":"publish","type":"product","link":"https:\/\/homedecor.bosc.co\/store\/producto\/set-de-bano-cambridge\/","title":{"rendered":"Set de Ba\u00f1o Cambridge"},"content":{"rendered":"<ul class=\"a-unordered-list a-vertical a-spacing-mini\">\n<li><span class=\"a-list-item\">A\u00f1ade el factor sorpresa a tu cuarto de ba\u00f1o, hazlo limpio, organizado y impresionante. Este juego de 5 piezas de ba\u00f1o con patr\u00f3n de m\u00e1rmol har\u00e1 eso hermoso&#8230; 1 dispensador de jab\u00f3n, 1 soporte para cepillo de dientes, 1 soporte para escobilla de inodoro y 1 soporte para escobilla, 1 jabonera, 1 funda para pa\u00f1uelos. Este juego de accesorios de tocador de ba\u00f1o es atemporal<\/span><\/li>\n<li><span class=\"a-list-item\">Alta calidad: este juego de accesorios de ba\u00f1o de color blanco \u2013 m\u00e1rmol sint\u00e9tico juego de accesorios de ba\u00f1o \u2013 juego completo de accesorios de ba\u00f1o \u2013 est\u00e1 hecho de poliresina resistente y tiene un suave acabado mate con aspecto de m\u00e1rmol.<\/span><\/li>\n<li><span class=\"a-list-item\">El regalo perfecto, o mantenlo para ti mismo para darle estilo a tu ba\u00f1o principal, ba\u00f1o de ni\u00f1os, ba\u00f1o de invitados, lavander\u00eda o incluso tu escritorio de estudio. Una colecci\u00f3n de decoraci\u00f3n de ba\u00f1o es un hermoso regalo para madres o como un regalo de inauguraci\u00f3n de la casa.<\/span><\/li>\n<li><span class=\"a-list-item\">El juego completo de ba\u00f1o \u2013 la adici\u00f3n de una caja de pa\u00f1uelos y cepillo de inodoro hace que sea el juego perfecto. El dispensador de jab\u00f3n es hermoso en la cocina o ba\u00f1o y el soporte para cepillos de dientes ser\u00eda adecuado para bol\u00edgrafos en tu estudio u oficina, o para brochas de maquillaje en el dormitorio. Los art\u00edculos esenciales de ba\u00f1o de dise\u00f1o se adaptan a cualquier decoraci\u00f3n del hogar. El dispensador de jab\u00f3n tambi\u00e9n se puede utilizar para crema hidratante o crema de manos<\/span><\/li>\n<\/ul>\n","protected":false},"excerpt":{"rendered":"<p>A\u00f1ade el factor sorpresa a tu cuarto de ba\u00f1o, hazlo limpio, organizado y impresionante. Este juego de 5 piezas de ba\u00f1o con patr\u00f3n de m\u00e1rmol har\u00e1 eso hermoso&#8230; 1 dispensador&hellip;<\/p>\n","protected":false},"featured_media":16554,"comment_status":"open","ping_status":"closed","template":"","meta":[],"product_cat":[173],"product_tag":[],"class_list":["post-16553","product","type-product","status-publish","has-post-thumbnail","hentry","product_cat-set-de-bano","layout-style-1","col-md-4 col-sm-4 col-xs-6","product-has-gallery","product-style-default"],"_links":{"self":[{"href":"https:\/\/homedecor.bosc.co\/store\/wp-json\/wp\/v2\/product\/16553","targetHints":{"allow":["GET"]}}],"collection":[{"href":"https:\/\/homedecor.bosc.co\/store\/wp-json\/wp\/v2\/product"}],"about":[{"href":"https:\/\/homedecor.bosc.co\/store\/wp-json\/wp\/v2\/types\/product"}],"replies":[{"embeddable":true,"href":"https:\/\/homedecor.bosc.co\/store\/wp-json\/wp\/v2\/comments?post=16553"}],"wp:featuredmedia":[{"embeddable":true,"href":"https:\/\/homedecor.bosc.co\/store\/wp-json\/wp\/v2\/media\/16554"}],"wp:attachment":[{"href":"https:\/\/homedecor.bosc.co\/store\/wp-json\/wp\/v2\/media?parent=16553"}],"wp:term":[{"taxonomy":"product_cat","embeddable":true,"href":"https:\/\/homedecor.bosc.co\/store\/wp-json\/wp\/v2\/product_cat?post=16553"},{"taxonomy":"product_tag","embeddable":true,"href":"https:\/\/homedecor.bosc.co\/store\/wp-json\/wp\/v2\/product_tag?post=16553"}],"curies":[{"name":"wp","href":"https:\/\/api.w.org\/{rel}","templated":true}]}}