{"id":16545,"date":"2021-10-06T11:53:10","date_gmt":"2021-10-06T16:53:10","guid":{"rendered":"https:\/\/homedecor.bosc.co\/store\/?post_type=product&#038;p=16545"},"modified":"2021-10-13T09:20:32","modified_gmt":"2021-10-13T14:20:32","slug":"set-de-bano-liverpool","status":"publish","type":"product","link":"https:\/\/homedecor.bosc.co\/store\/producto\/set-de-bano-liverpool\/","title":{"rendered":"Set de Ba\u00f1o Liverpool"},"content":{"rendered":"<ul class=\"a-unordered-list a-vertical a-spacing-mini\">\n<li><span class=\"a-list-item\">1 dispensador de loci\u00f3n, lavado de manos, champ\u00fa, lavado corporal, el dispensador de bomba de acero inoxidable est\u00e1 dise\u00f1ado para no obstruir ni romperse. 1 vaso para mantener el agua o flores de temporada, 1 soporte para cepillo de dientes, 1 jabonera, 1 esponja de ba\u00f1o.<\/span><\/li>\n<li><span class=\"a-list-item\">Material: material de resina resistente para evitar la oxidaci\u00f3n, el moldeo, el astillado o la rotura, a prueba de golpes, a prueba de agua, no reacciona con ninguno de los productos de ba\u00f1o comunes.<\/span><\/li>\n<li><span class=\"a-list-item\">Juego de decoraci\u00f3n de ba\u00f1o: dise\u00f1o de diamantes, moda moderna, sea cual sea el esquema de color de tu ba\u00f1o, se mezcla perfectamente. Es \u00fatil y embellece el hogar. Aportar\u00e1n un toque bonito y elegante a la decoraci\u00f3n de tu hogar.<\/span><\/li>\n<li><span class=\"a-list-item\">F\u00e1cil de limpiar: este producto tiene una superficie lisa, limpiarlos es muy f\u00e1cil. Simplemente lavar con agua jabonosa y un pa\u00f1o suave.<\/span><\/li>\n<li><span class=\"a-list-item\">100% servicio al cliente: estamos comprometidos a presentar materiales de la mejor calidad y servicios de satisfacci\u00f3n a nuestros clientes. Si tienes cualquier problema con el juego de accesorios de ba\u00f1o contempor\u00e1neo, ponte en contacto con nosotros y reembolso completo o reemplazo gratuito.<\/span><\/li>\n<\/ul>\n","protected":false},"excerpt":{"rendered":"<p>1 dispensador de loci\u00f3n, lavado de manos, champ\u00fa, lavado corporal, el dispensador de bomba de acero inoxidable est\u00e1 dise\u00f1ado para no obstruir ni romperse. 1 vaso para mantener el agua&hellip;<\/p>\n","protected":false},"featured_media":16546,"comment_status":"open","ping_status":"closed","template":"","meta":[],"product_cat":[173],"product_tag":[],"class_list":["post-16545","product","type-product","status-publish","has-post-thumbnail","hentry","product_cat-set-de-bano","layout-style-1","col-md-4 col-sm-4 col-xs-6","product-has-gallery","product-style-default"],"_links":{"self":[{"href":"https:\/\/homedecor.bosc.co\/store\/wp-json\/wp\/v2\/product\/16545","targetHints":{"allow":["GET"]}}],"collection":[{"href":"https:\/\/homedecor.bosc.co\/store\/wp-json\/wp\/v2\/product"}],"about":[{"href":"https:\/\/homedecor.bosc.co\/store\/wp-json\/wp\/v2\/types\/product"}],"replies":[{"embeddable":true,"href":"https:\/\/homedecor.bosc.co\/store\/wp-json\/wp\/v2\/comments?post=16545"}],"wp:featuredmedia":[{"embeddable":true,"href":"https:\/\/homedecor.bosc.co\/store\/wp-json\/wp\/v2\/media\/16546"}],"wp:attachment":[{"href":"https:\/\/homedecor.bosc.co\/store\/wp-json\/wp\/v2\/media?parent=16545"}],"wp:term":[{"taxonomy":"product_cat","embeddable":true,"href":"https:\/\/homedecor.bosc.co\/store\/wp-json\/wp\/v2\/product_cat?post=16545"},{"taxonomy":"product_tag","embeddable":true,"href":"https:\/\/homedecor.bosc.co\/store\/wp-json\/wp\/v2\/product_tag?post=16545"}],"curies":[{"name":"wp","href":"https:\/\/api.w.org\/{rel}","templated":true}]}}