{"id":16537,"date":"2021-10-06T11:43:26","date_gmt":"2021-10-06T16:43:26","guid":{"rendered":"https:\/\/homedecor.bosc.co\/store\/?post_type=product&#038;p=16537"},"modified":"2021-10-06T11:43:26","modified_gmt":"2021-10-06T16:43:26","slug":"set-de-bano-birgmingham","status":"publish","type":"product","link":"https:\/\/homedecor.bosc.co\/store\/producto\/set-de-bano-birgmingham\/","title":{"rendered":"Set de Ba\u00f1o Birgmingham"},"content":{"rendered":"<ul class=\"a-unordered-list a-vertical a-spacing-mini\">\n<li><span class=\"a-list-item\">resina<\/span><\/li>\n<li><span class=\"a-list-item\">Este juego est\u00e1 hecho de resina y laminado para resistencia a la humedad, soporta bien el uso diario.<\/span><\/li>\n<li><span class=\"a-list-item\">Un juego completo de accesorios de ba\u00f1o con dispensador, jabonera, soporte para cepillo de dientes y 2 vasos.<\/span><\/li>\n<li><span class=\"a-list-item\">Su dise\u00f1o de m\u00e1rmol imitado base dorada y aspecto elegante combina con ba\u00f1os de todos los estilos.<\/span><\/li>\n<li><span class=\"a-list-item\">2 ranuras para cepillo de dientes y pasta de dientes, o cepillo de dientes a pilas.<\/span><\/li>\n<li><span class=\"a-list-item\">Paquete de regalo. No t\u00f3xico. Si quieres un juego negro, haz clic en nuestra tienda.<\/span><\/li>\n<\/ul>\n","protected":false},"excerpt":{"rendered":"<p>resina Este juego est\u00e1 hecho de resina y laminado para resistencia a la humedad, soporta bien el uso diario. Un juego completo de accesorios de ba\u00f1o con dispensador, jabonera, soporte&hellip;<\/p>\n","protected":false},"featured_media":16538,"comment_status":"open","ping_status":"closed","template":"","meta":[],"product_cat":[173],"product_tag":[],"class_list":["post-16537","product","type-product","status-publish","has-post-thumbnail","hentry","product_cat-set-de-bano","layout-style-1","col-md-4 col-sm-4 col-xs-6","product-has-gallery","product-style-default"],"_links":{"self":[{"href":"https:\/\/homedecor.bosc.co\/store\/wp-json\/wp\/v2\/product\/16537","targetHints":{"allow":["GET"]}}],"collection":[{"href":"https:\/\/homedecor.bosc.co\/store\/wp-json\/wp\/v2\/product"}],"about":[{"href":"https:\/\/homedecor.bosc.co\/store\/wp-json\/wp\/v2\/types\/product"}],"replies":[{"embeddable":true,"href":"https:\/\/homedecor.bosc.co\/store\/wp-json\/wp\/v2\/comments?post=16537"}],"wp:featuredmedia":[{"embeddable":true,"href":"https:\/\/homedecor.bosc.co\/store\/wp-json\/wp\/v2\/media\/16538"}],"wp:attachment":[{"href":"https:\/\/homedecor.bosc.co\/store\/wp-json\/wp\/v2\/media?parent=16537"}],"wp:term":[{"taxonomy":"product_cat","embeddable":true,"href":"https:\/\/homedecor.bosc.co\/store\/wp-json\/wp\/v2\/product_cat?post=16537"},{"taxonomy":"product_tag","embeddable":true,"href":"https:\/\/homedecor.bosc.co\/store\/wp-json\/wp\/v2\/product_tag?post=16537"}],"curies":[{"name":"wp","href":"https:\/\/api.w.org\/{rel}","templated":true}]}}