{"id":16529,"date":"2021-10-01T16:23:11","date_gmt":"2021-10-01T21:23:11","guid":{"rendered":"https:\/\/homedecor.bosc.co\/store\/?post_type=product&#038;p=16529"},"modified":"2021-10-01T16:23:11","modified_gmt":"2021-10-01T21:23:11","slug":"lampara-kenmare","status":"publish","type":"product","link":"https:\/\/homedecor.bosc.co\/store\/producto\/lampara-kenmare\/","title":{"rendered":"Lampara Kenmare"},"content":{"rendered":"<ul class=\"a-unordered-list a-vertical a-spacing-mini\">\n<li><span class=\"a-list-item\">Color de la luz: Blanco c\u00e1lido (puede sustituir), aviso: Si usted quiere sustituir las bombillas, por favor elija foco G4\u00a0110\u00a0V. no utilizar bombillas de 12\u00a0V, o se explot\u00f3. gracias.<\/span><\/li>\n<li><span class=\"a-list-item\">Dimensiones del producto: 19.6\u00a0inches de di\u00e1metro, longitud de la correa de acero: 47\u00a0inch (puede ajustar 0\u00a0\u2013\u00a047\u00a0inch usted mismo), espacio sugerido Tama\u00f1o: 8\u00a0\u2013\u00a0aprox. es perfecto para en el rec\u00e1mara, sala de estar, comedor, Foyers,.<\/span><\/li>\n<li><span class=\"a-list-item\">Voltaje: 110\u00a0\u2013\u00a0240\u00a0V. Material: Hierro\/pl\u00e1stico\/LED. tipo de base: G4<\/span><\/li>\n<li><span class=\"a-list-item\">8\u00a0Pcs l\u00e1mpara LED (LED de 5\u00a0W por pcs), total de 40\u00a0W l\u00e1mpara de ara\u00f1a. moderno\/contempor\u00e1neo colgante Luces<\/span><\/li>\n<li><span class=\"a-list-item\">F\u00e1cil instalaci\u00f3n con instrucciones. utilizamos EMS, servicio de DHL Express, despu\u00e9s de que ofrecen productos, que, por lo general, el tiempo de env\u00edo es de 4\u00a0\u2013\u00a08\u00a0d\u00edas.<\/span><\/li>\n<\/ul>\n","protected":false},"excerpt":{"rendered":"<p>Color de la luz: Blanco c\u00e1lido (puede sustituir), aviso: Si usted quiere sustituir las bombillas, por favor elija foco G4\u00a0110\u00a0V. no utilizar bombillas de 12\u00a0V, o se explot\u00f3. gracias. Dimensiones&hellip;<\/p>\n","protected":false},"featured_media":16530,"comment_status":"open","ping_status":"closed","template":"","meta":[],"product_cat":[163],"product_tag":[],"class_list":["post-16529","product","type-product","status-publish","has-post-thumbnail","hentry","product_cat-lamparas-de-techo","layout-style-1","col-md-4 col-sm-4 col-xs-6","product-has-gallery","product-style-default"],"_links":{"self":[{"href":"https:\/\/homedecor.bosc.co\/store\/wp-json\/wp\/v2\/product\/16529","targetHints":{"allow":["GET"]}}],"collection":[{"href":"https:\/\/homedecor.bosc.co\/store\/wp-json\/wp\/v2\/product"}],"about":[{"href":"https:\/\/homedecor.bosc.co\/store\/wp-json\/wp\/v2\/types\/product"}],"replies":[{"embeddable":true,"href":"https:\/\/homedecor.bosc.co\/store\/wp-json\/wp\/v2\/comments?post=16529"}],"wp:featuredmedia":[{"embeddable":true,"href":"https:\/\/homedecor.bosc.co\/store\/wp-json\/wp\/v2\/media\/16530"}],"wp:attachment":[{"href":"https:\/\/homedecor.bosc.co\/store\/wp-json\/wp\/v2\/media?parent=16529"}],"wp:term":[{"taxonomy":"product_cat","embeddable":true,"href":"https:\/\/homedecor.bosc.co\/store\/wp-json\/wp\/v2\/product_cat?post=16529"},{"taxonomy":"product_tag","embeddable":true,"href":"https:\/\/homedecor.bosc.co\/store\/wp-json\/wp\/v2\/product_tag?post=16529"}],"curies":[{"name":"wp","href":"https:\/\/api.w.org\/{rel}","templated":true}]}}