{"id":16522,"date":"2021-10-01T16:20:03","date_gmt":"2021-10-01T21:20:03","guid":{"rendered":"https:\/\/homedecor.bosc.co\/store\/?post_type=product&#038;p=16522"},"modified":"2021-10-01T16:20:03","modified_gmt":"2021-10-01T21:20:03","slug":"lampara-lisburn","status":"publish","type":"product","link":"https:\/\/homedecor.bosc.co\/store\/producto\/lampara-lisburn\/","title":{"rendered":"Lampara Lisburn"},"content":{"rendered":"<ul class=\"a-unordered-list a-vertical a-spacing-mini\">\n<li><span class=\"a-list-item\">Bombillas y regulables: los diferentes efectos de iluminaci\u00f3n que se muestran en la imagen dependen de la bombilla que est\u00e9s utilizando. Base del foco: G9\/110-120 V (bombillas no incluidas). Regulable: Totalmente funcional cuando se utiliza con un foco regulable y con un interruptor regulador de intensidad compatible (no incluidos).<\/span><\/li>\n<li><span class=\"a-list-item\">Tama\u00f1o y material: di\u00e1metro de la fijaci\u00f3n: 15.75 pulgadas. Ancho del toldo: 4.7 pulgadas\/12 cm. La longitud del cable es de 78.74 pulgadas (se puede ajustar seg\u00fan tus necesidades). Hecho de material de metal y cristal, en lugar de pl\u00e1stico, m\u00e1s hermoso y m\u00e1s duradero.<\/span><\/li>\n<li><span class=\"a-list-item\">\u3010Dise\u00f1o\u3011El dise\u00f1o de estrellas de diamante proporciona un hermoso y lujoso disfrute visual, las estrellas silenciosas parpadean con una luz brillante, con forma de diente de le\u00f3n brillante y fuegos artificiales.<\/span><\/li>\n<li><span class=\"a-list-item\">Cuentas de cristal: cuentas de cristal de corte nano, suaves y brillantes, as\u00ed como salpicar el sol en los arco\u00edris. Cuando la iluminaci\u00f3n golpea las cuentas de cristal, lanzan cientos de prismas arco\u00edris en el aire.<\/span><\/li>\n<li><span class=\"a-list-item\">Aplicaci\u00f3n: este hermoso estilo de diamante, a\u00f1ade un brillo encantador a tu entrada o sala de estar, crea un ambiente en un comedor, o a\u00f1ade una maravillosa iluminaci\u00f3n en el dormitorio. Imagina las posibilidades ilimitadas de personalizar tu espacio con esta l\u00e1mpara de ara\u00f1a.<\/span><\/li>\n<\/ul>\n","protected":false},"excerpt":{"rendered":"<p>Bombillas y regulables: los diferentes efectos de iluminaci\u00f3n que se muestran en la imagen dependen de la bombilla que est\u00e9s utilizando. Base del foco: G9\/110-120 V (bombillas no incluidas). Regulable:&hellip;<\/p>\n","protected":false},"featured_media":16523,"comment_status":"open","ping_status":"closed","template":"","meta":[],"product_cat":[163],"product_tag":[],"class_list":["post-16522","product","type-product","status-publish","has-post-thumbnail","hentry","product_cat-lamparas-de-techo","layout-style-1","col-md-4 col-sm-4 col-xs-6","product-has-gallery","product-style-default"],"_links":{"self":[{"href":"https:\/\/homedecor.bosc.co\/store\/wp-json\/wp\/v2\/product\/16522","targetHints":{"allow":["GET"]}}],"collection":[{"href":"https:\/\/homedecor.bosc.co\/store\/wp-json\/wp\/v2\/product"}],"about":[{"href":"https:\/\/homedecor.bosc.co\/store\/wp-json\/wp\/v2\/types\/product"}],"replies":[{"embeddable":true,"href":"https:\/\/homedecor.bosc.co\/store\/wp-json\/wp\/v2\/comments?post=16522"}],"wp:featuredmedia":[{"embeddable":true,"href":"https:\/\/homedecor.bosc.co\/store\/wp-json\/wp\/v2\/media\/16523"}],"wp:attachment":[{"href":"https:\/\/homedecor.bosc.co\/store\/wp-json\/wp\/v2\/media?parent=16522"}],"wp:term":[{"taxonomy":"product_cat","embeddable":true,"href":"https:\/\/homedecor.bosc.co\/store\/wp-json\/wp\/v2\/product_cat?post=16522"},{"taxonomy":"product_tag","embeddable":true,"href":"https:\/\/homedecor.bosc.co\/store\/wp-json\/wp\/v2\/product_tag?post=16522"}],"curies":[{"name":"wp","href":"https:\/\/api.w.org\/{rel}","templated":true}]}}