{"id":16505,"date":"2021-10-01T16:11:03","date_gmt":"2021-10-01T21:11:03","guid":{"rendered":"https:\/\/homedecor.bosc.co\/store\/?post_type=product&#038;p=16505"},"modified":"2021-10-01T16:11:04","modified_gmt":"2021-10-01T21:11:04","slug":"lampara-blarney","status":"publish","type":"product","link":"https:\/\/homedecor.bosc.co\/store\/producto\/lampara-blarney\/","title":{"rendered":"Lampara Blarney"},"content":{"rendered":"<ul class=\"a-unordered-list a-vertical a-spacing-mini\">\n<li><span class=\"a-list-item\">Maravilloso dise\u00f1o: las modernas luces colgantes son de alambre duro, la pantalla est\u00e1 hecha de hierro de alta calidad y acabado dorado champ\u00e1n, que es simple cl\u00e1sico y elegante para tu hogar.<\/span><\/li>\n<li><span class=\"a-list-item\">Ajustable: el cable de la l\u00e1mpara de techo se puede ajustar de acuerdo a tus necesidades, la longitud m\u00e1xima de la l\u00e1mpara colgante de 11.0\u00a0in<\/span><\/li>\n<li><span class=\"a-list-item\">Requisitos de la bombilla: E26, tipo de bombilla: LED, CFL, hal\u00f3gena o incandescencia (bombilla no incluida), potencia m\u00e1xima: 60 W<\/span><\/li>\n<li><span class=\"a-list-item\">Aplicaci\u00f3n: las l\u00e1mparas de techo son luces de isla y luces de techo. Perfecto para tu cocina, comedor, dormitorio, bar, pasillo u oficina y as\u00ed sucesivamente<\/span><\/li>\n<li><span class=\"a-list-item\">Garant\u00eda segura: distribuci\u00f3n de Amazon, segura y r\u00e1pida, lista UL.<\/span><\/li>\n<\/ul>\n","protected":false},"excerpt":{"rendered":"<p>Maravilloso dise\u00f1o: las modernas luces colgantes son de alambre duro, la pantalla est\u00e1 hecha de hierro de alta calidad y acabado dorado champ\u00e1n, que es simple cl\u00e1sico y elegante para&hellip;<\/p>\n","protected":false},"featured_media":16506,"comment_status":"open","ping_status":"closed","template":"","meta":[],"product_cat":[163],"product_tag":[],"class_list":["post-16505","product","type-product","status-publish","has-post-thumbnail","hentry","product_cat-lamparas-de-techo","layout-style-1","col-md-4 col-sm-4 col-xs-6","product-has-gallery","product-style-default"],"_links":{"self":[{"href":"https:\/\/homedecor.bosc.co\/store\/wp-json\/wp\/v2\/product\/16505","targetHints":{"allow":["GET"]}}],"collection":[{"href":"https:\/\/homedecor.bosc.co\/store\/wp-json\/wp\/v2\/product"}],"about":[{"href":"https:\/\/homedecor.bosc.co\/store\/wp-json\/wp\/v2\/types\/product"}],"replies":[{"embeddable":true,"href":"https:\/\/homedecor.bosc.co\/store\/wp-json\/wp\/v2\/comments?post=16505"}],"wp:featuredmedia":[{"embeddable":true,"href":"https:\/\/homedecor.bosc.co\/store\/wp-json\/wp\/v2\/media\/16506"}],"wp:attachment":[{"href":"https:\/\/homedecor.bosc.co\/store\/wp-json\/wp\/v2\/media?parent=16505"}],"wp:term":[{"taxonomy":"product_cat","embeddable":true,"href":"https:\/\/homedecor.bosc.co\/store\/wp-json\/wp\/v2\/product_cat?post=16505"},{"taxonomy":"product_tag","embeddable":true,"href":"https:\/\/homedecor.bosc.co\/store\/wp-json\/wp\/v2\/product_tag?post=16505"}],"curies":[{"name":"wp","href":"https:\/\/api.w.org\/{rel}","templated":true}]}}