{"id":16477,"date":"2021-09-29T13:28:21","date_gmt":"2021-09-29T18:28:21","guid":{"rendered":"https:\/\/homedecor.bosc.co\/store\/?post_type=product&#038;p=16477"},"modified":"2021-09-29T13:28:21","modified_gmt":"2021-09-29T18:28:21","slug":"lampara-dundalk","status":"publish","type":"product","link":"https:\/\/homedecor.bosc.co\/store\/producto\/lampara-dundalk\/","title":{"rendered":"Lampara Dundalk"},"content":{"rendered":"<ul class=\"a-unordered-list a-vertical a-spacing-mini\">\n<li><span class=\"a-list-item\">Dise\u00f1o elegante y creativo: la l\u00e1mpara de ara\u00f1a de tambor con acabado de lat\u00f3n y cuenta con un dise\u00f1o \u00fanico de pantalla de tambor que es elegante y llamativo, las pantallas de tela ayudan a suavizar las luces y filtrar los parpadeos y fantasmas en la luz<\/span><\/li>\n<li><span class=\"a-list-item\">Elecci\u00f3n segura: listado ETL para lugares secos. Casquillo E26, utiliza 3 bombillas de base media de 60 W (no incluidas); alternativa eficiente, compatible con cualquier bombilla incandescente o LED. Regulable con un modulador de luz (no incluido)<\/span><\/li>\n<li><span class=\"a-list-item\">F\u00e1cil de instalar: esta l\u00e1mpara de ara\u00f1a de tambor est\u00e1 cableada, incluye todos los accesorios de montaje para una instalaci\u00f3n r\u00e1pida y f\u00e1cil. Dimensi\u00f3n: di\u00e1metro de 19.5\u00a0in, longitud del cable completo de 53.9\u00a0in con barra ajustable de 3 partes (3.0 x 12.0\u00a0in + 1.0 x 6.0\u00a0in + 1.0 x 3.0\u00a0in) que se adapta a la necesidad de tu espacio<\/span><\/li>\n<li><span class=\"a-list-item\">Pr\u00e1ctica y vers\u00e1til: esta l\u00e1mpara colgante de tambor es perfecta para sala de estar, dormitorio, comedor, cocina, bar, pub, cafeter\u00eda, etc. o como una buena decoraci\u00f3n para el hogar. Solo para uso en interiores<\/span><\/li>\n<li><span class=\"a-list-item\">Garant\u00eda: garantizamos para proporcionar 3 a\u00f1os de garant\u00eda, si usted tiene cualquier pregunta durante la experiencia de compra, por favor no dude en ponerse en contacto con nosotros le daremos una soluci\u00f3n satisfactoria<\/span><\/li>\n<\/ul>\n","protected":false},"excerpt":{"rendered":"<p>Dise\u00f1o elegante y creativo: la l\u00e1mpara de ara\u00f1a de tambor con acabado de lat\u00f3n y cuenta con un dise\u00f1o \u00fanico de pantalla de tambor que es elegante y llamativo, las&hellip;<\/p>\n","protected":false},"featured_media":16478,"comment_status":"open","ping_status":"closed","template":"","meta":[],"product_cat":[163],"product_tag":[],"class_list":["post-16477","product","type-product","status-publish","has-post-thumbnail","hentry","product_cat-lamparas-de-techo","layout-style-1","col-md-4 col-sm-4 col-xs-6","product-has-gallery","product-style-default"],"_links":{"self":[{"href":"https:\/\/homedecor.bosc.co\/store\/wp-json\/wp\/v2\/product\/16477","targetHints":{"allow":["GET"]}}],"collection":[{"href":"https:\/\/homedecor.bosc.co\/store\/wp-json\/wp\/v2\/product"}],"about":[{"href":"https:\/\/homedecor.bosc.co\/store\/wp-json\/wp\/v2\/types\/product"}],"replies":[{"embeddable":true,"href":"https:\/\/homedecor.bosc.co\/store\/wp-json\/wp\/v2\/comments?post=16477"}],"wp:featuredmedia":[{"embeddable":true,"href":"https:\/\/homedecor.bosc.co\/store\/wp-json\/wp\/v2\/media\/16478"}],"wp:attachment":[{"href":"https:\/\/homedecor.bosc.co\/store\/wp-json\/wp\/v2\/media?parent=16477"}],"wp:term":[{"taxonomy":"product_cat","embeddable":true,"href":"https:\/\/homedecor.bosc.co\/store\/wp-json\/wp\/v2\/product_cat?post=16477"},{"taxonomy":"product_tag","embeddable":true,"href":"https:\/\/homedecor.bosc.co\/store\/wp-json\/wp\/v2\/product_tag?post=16477"}],"curies":[{"name":"wp","href":"https:\/\/api.w.org\/{rel}","templated":true}]}}