{"id":16469,"date":"2021-09-29T10:53:06","date_gmt":"2021-09-29T15:53:06","guid":{"rendered":"https:\/\/homedecor.bosc.co\/store\/?post_type=product&#038;p=16469"},"modified":"2021-09-29T10:53:06","modified_gmt":"2021-09-29T15:53:06","slug":"lampara-londonderry","status":"publish","type":"product","link":"https:\/\/homedecor.bosc.co\/store\/producto\/lampara-londonderry\/","title":{"rendered":"Lampara Londonderry"},"content":{"rendered":"<ul class=\"a-unordered-list a-vertical a-spacing-mini\">\n<li><span class=\"a-list-item\">L\u00e1mpara de techo de oro: con una banda rectangular bien proporcionada con l\u00edneas doradas y cristal Tiffany, esta llamativa l\u00e1mpara de ara\u00f1a es una pieza de arte contempor\u00e1neo que ofrece fuertes vibraciones modernas y art\u00edsticas. La forma cl\u00e1sica de tambor con poste dorado de lat\u00f3n combina a la perfecci\u00f3n con cualquier sala de estar, comedor, dormitorio o cocina contempor\u00e1nea<\/span><\/li>\n<li><span class=\"a-list-item\">Tama\u00f1o ideal y altura ajustable: tama\u00f1o de la l\u00e1mpara de ara\u00f1a: 16.0\u00a0in de profundidad x 19.0\u00a0in de alto. Tama\u00f1o del toldo: 5.0\u00a0in de profundidad x 1.0\u00a0in de alto, disponible para techos planos, ligeramente inclinados o abovedados. La cadena de 59.1\u00a0in de altura es ajustable para ser colocada en la posici\u00f3n deseada desde el m\u00ednimo 21.7\u00a0in hasta el m\u00e1ximo 78.7\u00a0in desde el techo hasta la parte inferior. (Por favor, p\u00f3ngase en contacto con nosotros para comprar una cadena adicional si su altura colgante es de m\u00e1s de 78.7\u00a0in)<\/span><\/li>\n<li><span class=\"a-list-item\">Regulable y requiere bombilla: esta moderna l\u00e1mpara de ara\u00f1a es regulable cuando funciona con un interruptor de intensidad y bombillas regulables (ambos no incluidos). La l\u00e1mpara de ara\u00f1a necesita 4 bombillas E12 (base) m\u00e1x. 40 W\/tipo B (forma de bombilla), y el voltaje de funcionamiento debe ser de 120 V<\/span><\/li>\n<li><span class=\"a-list-item\">F\u00e1cil de montar: esta iluminaci\u00f3n colgante de tambor dorado solo funciona en interiores y en un entorno seco. Viene parcialmente montado, todos los accesorios de montaje e instrucciones detalladas est\u00e1n incluidas para una instalaci\u00f3n r\u00e1pida y f\u00e1cil. Lee cuidadosamente el manual de usuario antes de instalar (idioma espa\u00f1ol no garantizado)<\/span><\/li>\n<\/ul>\n","protected":false},"excerpt":{"rendered":"<p>L\u00e1mpara de techo de oro: con una banda rectangular bien proporcionada con l\u00edneas doradas y cristal Tiffany, esta llamativa l\u00e1mpara de ara\u00f1a es una pieza de arte contempor\u00e1neo que ofrece&hellip;<\/p>\n","protected":false},"featured_media":16470,"comment_status":"open","ping_status":"closed","template":"","meta":[],"product_cat":[163],"product_tag":[],"class_list":["post-16469","product","type-product","status-publish","has-post-thumbnail","hentry","product_cat-lamparas-de-techo","layout-style-1","col-md-4 col-sm-4 col-xs-6","product-has-gallery","product-style-default"],"_links":{"self":[{"href":"https:\/\/homedecor.bosc.co\/store\/wp-json\/wp\/v2\/product\/16469","targetHints":{"allow":["GET"]}}],"collection":[{"href":"https:\/\/homedecor.bosc.co\/store\/wp-json\/wp\/v2\/product"}],"about":[{"href":"https:\/\/homedecor.bosc.co\/store\/wp-json\/wp\/v2\/types\/product"}],"replies":[{"embeddable":true,"href":"https:\/\/homedecor.bosc.co\/store\/wp-json\/wp\/v2\/comments?post=16469"}],"wp:featuredmedia":[{"embeddable":true,"href":"https:\/\/homedecor.bosc.co\/store\/wp-json\/wp\/v2\/media\/16470"}],"wp:attachment":[{"href":"https:\/\/homedecor.bosc.co\/store\/wp-json\/wp\/v2\/media?parent=16469"}],"wp:term":[{"taxonomy":"product_cat","embeddable":true,"href":"https:\/\/homedecor.bosc.co\/store\/wp-json\/wp\/v2\/product_cat?post=16469"},{"taxonomy":"product_tag","embeddable":true,"href":"https:\/\/homedecor.bosc.co\/store\/wp-json\/wp\/v2\/product_tag?post=16469"}],"curies":[{"name":"wp","href":"https:\/\/api.w.org\/{rel}","templated":true}]}}