{"id":16464,"date":"2021-09-28T12:36:40","date_gmt":"2021-09-28T17:36:40","guid":{"rendered":"https:\/\/homedecor.bosc.co\/store\/?post_type=product&#038;p=16464"},"modified":"2021-09-28T12:36:40","modified_gmt":"2021-09-28T17:36:40","slug":"carrito-de-bar-navan","status":"publish","type":"product","link":"https:\/\/homedecor.bosc.co\/store\/producto\/carrito-de-bar-navan\/","title":{"rendered":"Carrito de Bar Navan"},"content":{"rendered":"<ul class=\"a-unordered-list a-vertical a-spacing-mini\">\n<li><span class=\"a-list-item\">Carro de barra de metal con marco de X.<\/span><\/li>\n<li><span class=\"a-list-item\">Acabado dorado.<\/span><\/li>\n<li><span class=\"a-list-item\">2 estantes de cristal.<\/span><\/li>\n<li><span class=\"a-list-item\">Dise\u00f1o de aire que muestra los abalorios y elementos decorativos.<\/span><\/li>\n<li><span class=\"a-list-item\">Soluci\u00f3n de almacenamiento m\u00f3vil con ruedas de bloqueo<\/span><\/li>\n<li><span class=\"a-list-item\">16 L x 26 W x 34 H en<\/span><\/li>\n<\/ul>\n","protected":false},"excerpt":{"rendered":"<p>Carro de barra de metal con marco de X. Acabado dorado. 2 estantes de cristal. Dise\u00f1o de aire que muestra los abalorios y elementos decorativos. Soluci\u00f3n de almacenamiento m\u00f3vil con&hellip;<\/p>\n","protected":false},"featured_media":16465,"comment_status":"open","ping_status":"closed","template":"","meta":[],"product_cat":[172],"product_tag":[],"class_list":["post-16464","product","type-product","status-publish","has-post-thumbnail","hentry","product_cat-carritos-de-bar","layout-style-1","col-md-4 col-sm-4 col-xs-6","product-has-gallery","product-style-default"],"_links":{"self":[{"href":"https:\/\/homedecor.bosc.co\/store\/wp-json\/wp\/v2\/product\/16464","targetHints":{"allow":["GET"]}}],"collection":[{"href":"https:\/\/homedecor.bosc.co\/store\/wp-json\/wp\/v2\/product"}],"about":[{"href":"https:\/\/homedecor.bosc.co\/store\/wp-json\/wp\/v2\/types\/product"}],"replies":[{"embeddable":true,"href":"https:\/\/homedecor.bosc.co\/store\/wp-json\/wp\/v2\/comments?post=16464"}],"wp:featuredmedia":[{"embeddable":true,"href":"https:\/\/homedecor.bosc.co\/store\/wp-json\/wp\/v2\/media\/16465"}],"wp:attachment":[{"href":"https:\/\/homedecor.bosc.co\/store\/wp-json\/wp\/v2\/media?parent=16464"}],"wp:term":[{"taxonomy":"product_cat","embeddable":true,"href":"https:\/\/homedecor.bosc.co\/store\/wp-json\/wp\/v2\/product_cat?post=16464"},{"taxonomy":"product_tag","embeddable":true,"href":"https:\/\/homedecor.bosc.co\/store\/wp-json\/wp\/v2\/product_tag?post=16464"}],"curies":[{"name":"wp","href":"https:\/\/api.w.org\/{rel}","templated":true}]}}