{"id":16420,"date":"2021-09-27T21:34:07","date_gmt":"2021-09-28T02:34:07","guid":{"rendered":"https:\/\/homedecor.bosc.co\/store\/?post_type=product&#038;p=16420"},"modified":"2021-09-27T21:34:07","modified_gmt":"2021-09-28T02:34:07","slug":"carrito-de-bar-kilkenny","status":"publish","type":"product","link":"https:\/\/homedecor.bosc.co\/store\/producto\/carrito-de-bar-kilkenny\/","title":{"rendered":"Carrito de Bar kilkenny"},"content":{"rendered":"<ul class=\"a-unordered-list a-vertical a-spacing-mini\">\n<li><span class=\"a-list-item\">vidrio temperado<\/span><\/li>\n<li><span class=\"a-list-item\">Aspecto brillante: vete atrevido con el aspecto sofisticado de este carrito de bar de metal con estantes de cristal ahumado que es digno de las fiestas m\u00e1s espl\u00e9ndidas.<\/span><\/li>\n<li><span class=\"a-list-item\">Resistente: los dos topes en las ruedas evitan que el carro se mueva una vez que est\u00e1 en su lugar, y el borde de metal evita que las botellas caigan al suelo.<\/span><\/li>\n<li><span class=\"a-list-item\">Ruedas: las cuatro ruedas de este carro te permiten moverlo f\u00e1cilmente, dependiendo de tus necesidades, a cualquier lugar de tu hogar.<\/span><\/li>\n<li><span class=\"a-list-item\">1 a\u00f1o limitado: South Shore se enorgullece de estar detr\u00e1s de este carrito de bar con un exclusivo l\u00edmite de 1 a\u00f1o. Compra con confianza sabiendo que tu compra est\u00e1 siempre cubierta.<\/span><\/li>\n<\/ul>\n","protected":false},"excerpt":{"rendered":"<p>vidrio temperado Aspecto brillante: vete atrevido con el aspecto sofisticado de este carrito de bar de metal con estantes de cristal ahumado que es digno de las fiestas m\u00e1s espl\u00e9ndidas.&hellip;<\/p>\n","protected":false},"featured_media":16421,"comment_status":"open","ping_status":"closed","template":"","meta":[],"product_cat":[172],"product_tag":[],"class_list":["post-16420","product","type-product","status-publish","has-post-thumbnail","hentry","product_cat-carritos-de-bar","layout-style-1","col-md-4 col-sm-4 col-xs-6","product-has-gallery","product-style-default"],"_links":{"self":[{"href":"https:\/\/homedecor.bosc.co\/store\/wp-json\/wp\/v2\/product\/16420","targetHints":{"allow":["GET"]}}],"collection":[{"href":"https:\/\/homedecor.bosc.co\/store\/wp-json\/wp\/v2\/product"}],"about":[{"href":"https:\/\/homedecor.bosc.co\/store\/wp-json\/wp\/v2\/types\/product"}],"replies":[{"embeddable":true,"href":"https:\/\/homedecor.bosc.co\/store\/wp-json\/wp\/v2\/comments?post=16420"}],"wp:featuredmedia":[{"embeddable":true,"href":"https:\/\/homedecor.bosc.co\/store\/wp-json\/wp\/v2\/media\/16421"}],"wp:attachment":[{"href":"https:\/\/homedecor.bosc.co\/store\/wp-json\/wp\/v2\/media?parent=16420"}],"wp:term":[{"taxonomy":"product_cat","embeddable":true,"href":"https:\/\/homedecor.bosc.co\/store\/wp-json\/wp\/v2\/product_cat?post=16420"},{"taxonomy":"product_tag","embeddable":true,"href":"https:\/\/homedecor.bosc.co\/store\/wp-json\/wp\/v2\/product_tag?post=16420"}],"curies":[{"name":"wp","href":"https:\/\/api.w.org\/{rel}","templated":true}]}}