{"id":16412,"date":"2021-09-27T21:29:07","date_gmt":"2021-09-28T02:29:07","guid":{"rendered":"https:\/\/homedecor.bosc.co\/store\/?post_type=product&#038;p=16412"},"modified":"2021-09-27T21:29:07","modified_gmt":"2021-09-28T02:29:07","slug":"carrito-de-bar-limerick","status":"publish","type":"product","link":"https:\/\/homedecor.bosc.co\/store\/producto\/carrito-de-bar-limerick\/","title":{"rendered":"Carrito de Bar Limerick"},"content":{"rendered":"<ul class=\"a-unordered-list a-vertical a-spacing-mini\">\n<li><span class=\"a-list-item\">METAL<\/span><\/li>\n<li><span class=\"a-list-item\">Almacenamiento adaptado: mant\u00e9n todo organizado toda la noche con el almacenamiento de botellas de vino y estante de copas de vino, que puede contener hasta 12 botellas y 18 copas.<\/span><\/li>\n<li><span class=\"a-list-item\">Un ambiente festivo: a\u00f1ade un toque de glamour a tu habitaci\u00f3n cuando hagas una fiesta. La mezcla entre el acabado de m\u00e1rmol y la estructura de metal es simplemente maravillosa. Mantendr\u00e1 a la gente hablando toda la noche<\/span><\/li>\n<li><span class=\"a-list-item\">Ruedas incluidas: este carro de bar est\u00e1 equipado con 4 ruedas y dos frenos. Puedes mover f\u00e1cilmente la pieza de una habitaci\u00f3n a otra, sabiendo que ser\u00e1 estable una vez que la tengas en su lugar.<\/span><\/li>\n<li><span class=\"a-list-item\">Impermeable: la superficie superior y los dos estantes de este carro est\u00e1n cubiertos de vinilo impermeable protector. Puedes hacer tanto l\u00edo como quieras<\/span><\/li>\n<\/ul>\n","protected":false},"excerpt":{"rendered":"<p>METAL Almacenamiento adaptado: mant\u00e9n todo organizado toda la noche con el almacenamiento de botellas de vino y estante de copas de vino, que puede contener hasta 12 botellas y 18&hellip;<\/p>\n","protected":false},"featured_media":16413,"comment_status":"open","ping_status":"closed","template":"","meta":[],"product_cat":[172],"product_tag":[],"class_list":["post-16412","product","type-product","status-publish","has-post-thumbnail","hentry","product_cat-carritos-de-bar","layout-style-1","col-md-4 col-sm-4 col-xs-6","product-has-gallery","product-style-default"],"_links":{"self":[{"href":"https:\/\/homedecor.bosc.co\/store\/wp-json\/wp\/v2\/product\/16412","targetHints":{"allow":["GET"]}}],"collection":[{"href":"https:\/\/homedecor.bosc.co\/store\/wp-json\/wp\/v2\/product"}],"about":[{"href":"https:\/\/homedecor.bosc.co\/store\/wp-json\/wp\/v2\/types\/product"}],"replies":[{"embeddable":true,"href":"https:\/\/homedecor.bosc.co\/store\/wp-json\/wp\/v2\/comments?post=16412"}],"wp:featuredmedia":[{"embeddable":true,"href":"https:\/\/homedecor.bosc.co\/store\/wp-json\/wp\/v2\/media\/16413"}],"wp:attachment":[{"href":"https:\/\/homedecor.bosc.co\/store\/wp-json\/wp\/v2\/media?parent=16412"}],"wp:term":[{"taxonomy":"product_cat","embeddable":true,"href":"https:\/\/homedecor.bosc.co\/store\/wp-json\/wp\/v2\/product_cat?post=16412"},{"taxonomy":"product_tag","embeddable":true,"href":"https:\/\/homedecor.bosc.co\/store\/wp-json\/wp\/v2\/product_tag?post=16412"}],"curies":[{"name":"wp","href":"https:\/\/api.w.org\/{rel}","templated":true}]}}