{"id":16406,"date":"2021-09-27T21:22:24","date_gmt":"2021-09-28T02:22:24","guid":{"rendered":"https:\/\/homedecor.bosc.co\/store\/?post_type=product&#038;p=16406"},"modified":"2021-09-27T21:22:24","modified_gmt":"2021-09-28T02:22:24","slug":"carrito-de-bar-galway","status":"publish","type":"product","link":"https:\/\/homedecor.bosc.co\/store\/producto\/carrito-de-bar-galway\/","title":{"rendered":"Carrito de Bar Galway"},"content":{"rendered":"<ul>\n<li><span class=\"a-list-item\">Amplio espacio de almacenamiento: tama\u00f1o grande 27.6\u00a0in de largo x 16.9\u00a0in de ancho x 30.7\u00a0in de alto. Este carrito de cristal est\u00e1 dise\u00f1ado con 2 capas para almacenar y mostrar completamente los art\u00edculos que necesitas, como vasos, vino, juegos de t\u00e9, etc. Con c\u00edrculos de alambre de metal alrededor de tableros de vidrio templado, por lo que no tienes que preocuparte por que se caigan, protege tus art\u00edculos de ca\u00eddas.<\/span><\/li>\n<li><span class=\"a-list-item\">Estilo cl\u00e1sico que se adapta a muchas ocasiones: marco de metal dorado, cristal templado transparente y ruedas flexibles que hacen que este carro tenga un aspecto elegante. Aspecto elegante que se puede combinar perfectamente con cualquier estilo decorativo, adecuado para cocinas, hoteles, clubes, etc.<\/span><\/li>\n<li><span class=\"a-list-item\">Ruedas y asas para un f\u00e1cil movimiento: las 4 ruedas son muy flexibles y pueden girar 360 grados, lo que te permite empujar o fijar el carrito sin esfuerzo para satisfacer tus necesidades diarias de m\u00f3vil. Adem\u00e1s, con dos asas curvadas en ambos lados, puedes controlar mejor el carrito de servir.<\/span><\/li>\n<li><span class=\"a-list-item\">Construcci\u00f3n s\u00f3lida y duradera: el carrito pesa 22.0\u00a0lbs, el marco de este carrito de servir est\u00e1 hecho de metal s\u00f3lido por lo que es lo suficientemente resistente para un uso prolongado. El proceso de galvanoplastia tambi\u00e9n aumenta la durabilidad del carro. La capacidad de peso de cada estante es de hasta 33.1\u00a0lbs, satisface tus necesidades diarias f\u00e1cilmente.<\/span><\/li>\n<\/ul>\n","protected":false},"excerpt":{"rendered":"<p>Amplio espacio de almacenamiento: tama\u00f1o grande 27.6\u00a0in de largo x 16.9\u00a0in de ancho x 30.7\u00a0in de alto. Este carrito de cristal est\u00e1 dise\u00f1ado con 2 capas para almacenar y mostrar&hellip;<\/p>\n","protected":false},"featured_media":16407,"comment_status":"open","ping_status":"closed","template":"","meta":[],"product_cat":[172],"product_tag":[],"class_list":["post-16406","product","type-product","status-publish","has-post-thumbnail","hentry","product_cat-carritos-de-bar","layout-style-1","col-md-4 col-sm-4 col-xs-6","product-has-gallery","product-style-default"],"_links":{"self":[{"href":"https:\/\/homedecor.bosc.co\/store\/wp-json\/wp\/v2\/product\/16406","targetHints":{"allow":["GET"]}}],"collection":[{"href":"https:\/\/homedecor.bosc.co\/store\/wp-json\/wp\/v2\/product"}],"about":[{"href":"https:\/\/homedecor.bosc.co\/store\/wp-json\/wp\/v2\/types\/product"}],"replies":[{"embeddable":true,"href":"https:\/\/homedecor.bosc.co\/store\/wp-json\/wp\/v2\/comments?post=16406"}],"wp:featuredmedia":[{"embeddable":true,"href":"https:\/\/homedecor.bosc.co\/store\/wp-json\/wp\/v2\/media\/16407"}],"wp:attachment":[{"href":"https:\/\/homedecor.bosc.co\/store\/wp-json\/wp\/v2\/media?parent=16406"}],"wp:term":[{"taxonomy":"product_cat","embeddable":true,"href":"https:\/\/homedecor.bosc.co\/store\/wp-json\/wp\/v2\/product_cat?post=16406"},{"taxonomy":"product_tag","embeddable":true,"href":"https:\/\/homedecor.bosc.co\/store\/wp-json\/wp\/v2\/product_tag?post=16406"}],"curies":[{"name":"wp","href":"https:\/\/api.w.org\/{rel}","templated":true}]}}