{"id":16261,"date":"2021-09-16T13:37:37","date_gmt":"2021-09-16T18:37:37","guid":{"rendered":"https:\/\/homedecor.bosc.co\/store\/?post_type=product&#038;p=16261"},"modified":"2021-09-16T13:41:48","modified_gmt":"2021-09-16T18:41:48","slug":"lampara-bouillon","status":"publish","type":"product","link":"https:\/\/homedecor.bosc.co\/store\/producto\/lampara-bouillon\/","title":{"rendered":"L\u00e1mpara Bouillon"},"content":{"rendered":"<ul class=\"a-unordered-list a-vertical a-spacing-mini\">\n<li><span class=\"a-list-item\">Requiere 15 bombillas: cuerpo de l\u00e1mparas de ara\u00f1a de cristal K9 con mucho brillo. Mucho m\u00e1s lujoso y elegante. Consulta las im\u00e1genes para ver el color real sin iluminaci\u00f3n. Diferentes luces muestran diferentes efectos. (Consejo: sin bombillas)<\/span><\/li>\n<li><span class=\"a-list-item\">Incre\u00edble dise\u00f1o: K9 Crystal moderno l\u00e1mpara de ara\u00f1a es una hermosa l\u00e1mpara de techo que es mucho m\u00e1s impresionante que la imagen. Construcci\u00f3n s\u00f3lida con materiales de calidad superior: gota de lluvia de cristal de primera clase y acero inoxidable brillante, el modo<\/span><\/li>\n<li><span class=\"a-list-item\">Escenarios aplicables: luz de cristal cl\u00e1sica europea y forma de vela, bonita decoraci\u00f3n de luz para el hogar, sala de estar, pasillo, balc\u00f3n, entrada.<\/span><\/li>\n<\/ul>\n","protected":false},"excerpt":{"rendered":"<p>Requiere 15 bombillas: cuerpo de l\u00e1mparas de ara\u00f1a de cristal K9 con mucho brillo. Mucho m\u00e1s lujoso y elegante. Consulta las im\u00e1genes para ver el color real sin iluminaci\u00f3n. Diferentes&hellip;<\/p>\n","protected":false},"featured_media":16263,"comment_status":"open","ping_status":"closed","template":"","meta":[],"product_cat":[165],"product_tag":[],"class_list":["post-16261","product","type-product","status-publish","has-post-thumbnail","hentry","product_cat-lamparas-chandellier","layout-style-1","col-md-4 col-sm-4 col-xs-6","product-has-gallery","product-style-default"],"_links":{"self":[{"href":"https:\/\/homedecor.bosc.co\/store\/wp-json\/wp\/v2\/product\/16261","targetHints":{"allow":["GET"]}}],"collection":[{"href":"https:\/\/homedecor.bosc.co\/store\/wp-json\/wp\/v2\/product"}],"about":[{"href":"https:\/\/homedecor.bosc.co\/store\/wp-json\/wp\/v2\/types\/product"}],"replies":[{"embeddable":true,"href":"https:\/\/homedecor.bosc.co\/store\/wp-json\/wp\/v2\/comments?post=16261"}],"wp:featuredmedia":[{"embeddable":true,"href":"https:\/\/homedecor.bosc.co\/store\/wp-json\/wp\/v2\/media\/16263"}],"wp:attachment":[{"href":"https:\/\/homedecor.bosc.co\/store\/wp-json\/wp\/v2\/media?parent=16261"}],"wp:term":[{"taxonomy":"product_cat","embeddable":true,"href":"https:\/\/homedecor.bosc.co\/store\/wp-json\/wp\/v2\/product_cat?post=16261"},{"taxonomy":"product_tag","embeddable":true,"href":"https:\/\/homedecor.bosc.co\/store\/wp-json\/wp\/v2\/product_tag?post=16261"}],"curies":[{"name":"wp","href":"https:\/\/api.w.org\/{rel}","templated":true}]}}