{"id":16254,"date":"2021-09-16T13:12:31","date_gmt":"2021-09-16T18:12:31","guid":{"rendered":"https:\/\/homedecor.bosc.co\/store\/?post_type=product&#038;p=16254"},"modified":"2021-09-16T13:12:31","modified_gmt":"2021-09-16T18:12:31","slug":"lampara-durbuy","status":"publish","type":"product","link":"https:\/\/homedecor.bosc.co\/store\/producto\/lampara-durbuy\/","title":{"rendered":"L\u00e1mpara Durbuy"},"content":{"rendered":"<ul class=\"a-unordered-list a-vertical a-spacing-mini\">\n<li><span class=\"a-list-item\">Candelabro rectangular de 9 luces: combina elementos cl\u00e1sicos y contempor\u00e1neos, las l\u00edneas negras claras y simples est\u00e1n equipadas con cristales K9 de alta calidad para inyectar un brillo deslumbrante en tu espacio.<\/span><\/li>\n<li><span class=\"a-list-item\">Dimensi\u00f3n del accesorio de iluminaci\u00f3n de cocina: altura 11.02 pulgadas x longitud 33.46 pulgadas. Longitud de la cadena: 35.43 pulgadas totalmente ajustable (tama\u00f1o del toldo: 16.53 pulgadas).<\/span><\/li>\n<li><span class=\"a-list-item\">Bombilla necesaria: 9 bombillas E12 (m\u00e1x. 60 W no incluidas), l\u00e1mpara de ara\u00f1a de granja es compatible con LED regulable, ahorro de energ\u00eda, bombillas hal\u00f3genas, etc.<\/span><\/li>\n<li><span class=\"a-list-item\">Se adapta a varios estilos: se adapta a un dise\u00f1o de hogar cl\u00e1sico, moderno, contempor\u00e1neo, lujoso, transitorio, industrial, r\u00fastico, vintage, esta l\u00e1mpara de ara\u00f1a negra puede funcionar en techos bajos\/altos, inclinados.<\/span><\/li>\n<\/ul>\n","protected":false},"excerpt":{"rendered":"<p>Candelabro rectangular de 9 luces: combina elementos cl\u00e1sicos y contempor\u00e1neos, las l\u00edneas negras claras y simples est\u00e1n equipadas con cristales K9 de alta calidad para inyectar un brillo deslumbrante en&hellip;<\/p>\n","protected":false},"featured_media":16255,"comment_status":"open","ping_status":"closed","template":"","meta":[],"product_cat":[165],"product_tag":[],"class_list":["post-16254","product","type-product","status-publish","has-post-thumbnail","hentry","product_cat-lamparas-chandellier","layout-style-1","col-md-4 col-sm-4 col-xs-6","product-has-gallery","product-style-default"],"_links":{"self":[{"href":"https:\/\/homedecor.bosc.co\/store\/wp-json\/wp\/v2\/product\/16254","targetHints":{"allow":["GET"]}}],"collection":[{"href":"https:\/\/homedecor.bosc.co\/store\/wp-json\/wp\/v2\/product"}],"about":[{"href":"https:\/\/homedecor.bosc.co\/store\/wp-json\/wp\/v2\/types\/product"}],"replies":[{"embeddable":true,"href":"https:\/\/homedecor.bosc.co\/store\/wp-json\/wp\/v2\/comments?post=16254"}],"wp:featuredmedia":[{"embeddable":true,"href":"https:\/\/homedecor.bosc.co\/store\/wp-json\/wp\/v2\/media\/16255"}],"wp:attachment":[{"href":"https:\/\/homedecor.bosc.co\/store\/wp-json\/wp\/v2\/media?parent=16254"}],"wp:term":[{"taxonomy":"product_cat","embeddable":true,"href":"https:\/\/homedecor.bosc.co\/store\/wp-json\/wp\/v2\/product_cat?post=16254"},{"taxonomy":"product_tag","embeddable":true,"href":"https:\/\/homedecor.bosc.co\/store\/wp-json\/wp\/v2\/product_tag?post=16254"}],"curies":[{"name":"wp","href":"https:\/\/api.w.org\/{rel}","templated":true}]}}