{"id":16246,"date":"2021-09-16T13:08:56","date_gmt":"2021-09-16T18:08:56","guid":{"rendered":"https:\/\/homedecor.bosc.co\/store\/?post_type=product&#038;p=16246"},"modified":"2021-09-16T13:08:56","modified_gmt":"2021-09-16T18:08:56","slug":"lampara-charleroi","status":"publish","type":"product","link":"https:\/\/homedecor.bosc.co\/store\/producto\/lampara-charleroi\/","title":{"rendered":"L\u00e1mpara Charleroi"},"content":{"rendered":"<p>El minimalismo moderno y la influencia industrial se encuentran en esta l\u00e1mpara colgante. Insp\u00edrate en su encanto industrial para expandir la est\u00e9tica en todo tu espacio.<br \/>\nAcabado: negro \/ n\u00edquel cepillado.<\/p>\n<p>Material: acero y vidrio de alta calidad. Un dise\u00f1o cl\u00e1sico se actualiza con este llamativo colgante sputnik, Dise\u00f1o de humanizaci\u00f3n y f\u00e1cil instalaci\u00f3n. Todo el hardware de montaje se incluye con instrucciones sencillas. La altura ajustable incluye tres v\u00e1stagos de 12 \u00ab, uno de 6\u00bb y uno de 3 \u00ab. No se puede colgar sin la varilla. (La bombilla y el interruptor no est\u00e1n incluidos)<\/p>\n","protected":false},"excerpt":{"rendered":"<p>El minimalismo moderno y la influencia industrial se encuentran en esta l\u00e1mpara colgante. Insp\u00edrate en su encanto industrial para expandir la est\u00e9tica en todo tu espacio. Acabado: negro \/ n\u00edquel&hellip;<\/p>\n","protected":false},"featured_media":16247,"comment_status":"open","ping_status":"closed","template":"","meta":[],"product_cat":[163],"product_tag":[],"class_list":["post-16246","product","type-product","status-publish","has-post-thumbnail","hentry","product_cat-lamparas-de-techo","layout-style-1","col-md-4 col-sm-4 col-xs-6","product-has-gallery","product-style-default"],"_links":{"self":[{"href":"https:\/\/homedecor.bosc.co\/store\/wp-json\/wp\/v2\/product\/16246","targetHints":{"allow":["GET"]}}],"collection":[{"href":"https:\/\/homedecor.bosc.co\/store\/wp-json\/wp\/v2\/product"}],"about":[{"href":"https:\/\/homedecor.bosc.co\/store\/wp-json\/wp\/v2\/types\/product"}],"replies":[{"embeddable":true,"href":"https:\/\/homedecor.bosc.co\/store\/wp-json\/wp\/v2\/comments?post=16246"}],"wp:featuredmedia":[{"embeddable":true,"href":"https:\/\/homedecor.bosc.co\/store\/wp-json\/wp\/v2\/media\/16247"}],"wp:attachment":[{"href":"https:\/\/homedecor.bosc.co\/store\/wp-json\/wp\/v2\/media?parent=16246"}],"wp:term":[{"taxonomy":"product_cat","embeddable":true,"href":"https:\/\/homedecor.bosc.co\/store\/wp-json\/wp\/v2\/product_cat?post=16246"},{"taxonomy":"product_tag","embeddable":true,"href":"https:\/\/homedecor.bosc.co\/store\/wp-json\/wp\/v2\/product_tag?post=16246"}],"curies":[{"name":"wp","href":"https:\/\/api.w.org\/{rel}","templated":true}]}}