{"id":16213,"date":"2021-09-14T14:46:42","date_gmt":"2021-09-14T19:46:42","guid":{"rendered":"https:\/\/homedecor.bosc.co\/store\/?post_type=product&#038;p=16213"},"modified":"2021-09-14T14:46:42","modified_gmt":"2021-09-14T19:46:42","slug":"persianas-de-aluminio","status":"publish","type":"product","link":"https:\/\/homedecor.bosc.co\/store\/producto\/persianas-de-aluminio\/","title":{"rendered":"Persianas de Aluminio"},"content":{"rendered":"<p>Aportan todo el dise\u00f1o que espacios modernos requieren, permiten un control de la entrada de luz y privacidad.<\/p>\n<p>Compuestas por aluminio, un producto altamente resistente y duradero, hace que sus l\u00e1minas sean indeformables.<\/p>\n<p>Se adapta a los cambios de temperatura y funcionan perfecto en cocinas o estudios por su facilidad de limpieza.<\/p>\n<p>Puedes incluir accesorios como cintas decorativas, combinaci\u00f3n de colores, Laminas y l\u00e1minas perforadas para darle un toque \u00fanico de tu ambiente.<\/p>\n","protected":false},"excerpt":{"rendered":"<p>Los precios var\u00edan seg\u00fan tama\u00f1o y especificaciones de la cortina.<\/p>\n","protected":false},"featured_media":16214,"comment_status":"open","ping_status":"closed","template":"","meta":[],"product_cat":[156],"product_tag":[],"class_list":["post-16213","product","type-product","status-publish","has-post-thumbnail","hentry","product_cat-cortinas-2","layout-style-1","col-md-4 col-sm-4 col-xs-6","product-has-gallery","product-style-default"],"_links":{"self":[{"href":"https:\/\/homedecor.bosc.co\/store\/wp-json\/wp\/v2\/product\/16213","targetHints":{"allow":["GET"]}}],"collection":[{"href":"https:\/\/homedecor.bosc.co\/store\/wp-json\/wp\/v2\/product"}],"about":[{"href":"https:\/\/homedecor.bosc.co\/store\/wp-json\/wp\/v2\/types\/product"}],"replies":[{"embeddable":true,"href":"https:\/\/homedecor.bosc.co\/store\/wp-json\/wp\/v2\/comments?post=16213"}],"wp:featuredmedia":[{"embeddable":true,"href":"https:\/\/homedecor.bosc.co\/store\/wp-json\/wp\/v2\/media\/16214"}],"wp:attachment":[{"href":"https:\/\/homedecor.bosc.co\/store\/wp-json\/wp\/v2\/media?parent=16213"}],"wp:term":[{"taxonomy":"product_cat","embeddable":true,"href":"https:\/\/homedecor.bosc.co\/store\/wp-json\/wp\/v2\/product_cat?post=16213"},{"taxonomy":"product_tag","embeddable":true,"href":"https:\/\/homedecor.bosc.co\/store\/wp-json\/wp\/v2\/product_tag?post=16213"}],"curies":[{"name":"wp","href":"https:\/\/api.w.org\/{rel}","templated":true}]}}