{"id":16192,"date":"2021-09-14T14:26:03","date_gmt":"2021-09-14T19:26:03","guid":{"rendered":"https:\/\/homedecor.bosc.co\/store\/?post_type=product&#038;p=16192"},"modified":"2021-09-14T14:26:03","modified_gmt":"2021-09-14T19:26:03","slug":"cortinas-enrollables","status":"publish","type":"product","link":"https:\/\/homedecor.bosc.co\/store\/producto\/cortinas-enrollables\/","title":{"rendered":"Cortinas Enrollables"},"content":{"rendered":"<p>Te damos la menor entrada de luz del mercado, con mecanismos manuales de origen alem\u00e1n de 8 a\u00f1os de garant\u00eda o sistemas motorizados para m\u00e1xima comodidad.<\/p>\n<p>Las cortinas enrollables son una opci\u00f3n minimalista y moderna para tus espacios, sus tejidos te permitir\u00e1n disfrutar de la iluminaci\u00f3n perfecta; trasl\u00facidos, screen y blackouts decorativos que adem\u00e1s de darte oscuridad total decorar\u00e1n tus espacios.<\/p>\n","protected":false},"excerpt":{"rendered":"<p>Te damos la menor entrada de luz del mercado, con mecanismos manuales de origen alem\u00e1n de 8 a\u00f1os de garant\u00eda o sistemas motorizados para m\u00e1xima comodidad. Las cortinas enrollables son&hellip;<\/p>\n","protected":false},"featured_media":16193,"comment_status":"open","ping_status":"closed","template":"","meta":[],"product_cat":[156],"product_tag":[],"class_list":["post-16192","product","type-product","status-publish","has-post-thumbnail","hentry","product_cat-cortinas-2","layout-style-1","col-md-4 col-sm-4 col-xs-6","product-has-gallery","product-style-default"],"_links":{"self":[{"href":"https:\/\/homedecor.bosc.co\/store\/wp-json\/wp\/v2\/product\/16192","targetHints":{"allow":["GET"]}}],"collection":[{"href":"https:\/\/homedecor.bosc.co\/store\/wp-json\/wp\/v2\/product"}],"about":[{"href":"https:\/\/homedecor.bosc.co\/store\/wp-json\/wp\/v2\/types\/product"}],"replies":[{"embeddable":true,"href":"https:\/\/homedecor.bosc.co\/store\/wp-json\/wp\/v2\/comments?post=16192"}],"wp:featuredmedia":[{"embeddable":true,"href":"https:\/\/homedecor.bosc.co\/store\/wp-json\/wp\/v2\/media\/16193"}],"wp:attachment":[{"href":"https:\/\/homedecor.bosc.co\/store\/wp-json\/wp\/v2\/media?parent=16192"}],"wp:term":[{"taxonomy":"product_cat","embeddable":true,"href":"https:\/\/homedecor.bosc.co\/store\/wp-json\/wp\/v2\/product_cat?post=16192"},{"taxonomy":"product_tag","embeddable":true,"href":"https:\/\/homedecor.bosc.co\/store\/wp-json\/wp\/v2\/product_tag?post=16192"}],"curies":[{"name":"wp","href":"https:\/\/api.w.org\/{rel}","templated":true}]}}