{"id":16173,"date":"2021-09-14T14:08:35","date_gmt":"2021-09-14T19:08:35","guid":{"rendered":"https:\/\/homedecor.bosc.co\/store\/?post_type=product&#038;p=16173"},"modified":"2021-09-14T14:08:35","modified_gmt":"2021-09-14T19:08:35","slug":"cortina-nantucket","status":"publish","type":"product","link":"https:\/\/homedecor.bosc.co\/store\/producto\/cortina-nantucket\/","title":{"rendered":"Cortina Nantucket"},"content":{"rendered":"<p>Las cortinas Nantucket forman parte de la gama alta de las cortinas de Bosc, su innovador dise\u00f1o esta compuesto por suaves l\u00e1minas de tela horizontales suspendidas entre dos velos trasl\u00facidos, convirti\u00e9ndose en un elemento de dise\u00f1o para cualquier espacio.<\/p>\n<p>Sus tejidos cuentan con protecci\u00f3n de rayos UV protegi\u00e9ndote a ti y a tu familia mientras evita el desvanecimiento de pisos, muebles y tapices.<\/p>\n<p>Gira sus l\u00e1minas para disfrutar de la luz natural o estar en completa privacidad.<\/p>\n","protected":false},"excerpt":{"rendered":"<p>Los precios var\u00edan seg\u00fan tama\u00f1o y especificaciones de la cortina.<\/p>\n","protected":false},"featured_media":16174,"comment_status":"open","ping_status":"closed","template":"","meta":[],"product_cat":[156],"product_tag":[],"class_list":["post-16173","product","type-product","status-publish","has-post-thumbnail","hentry","product_cat-cortinas-2","layout-style-1","col-md-4 col-sm-4 col-xs-6","product-has-gallery","product-style-default"],"_links":{"self":[{"href":"https:\/\/homedecor.bosc.co\/store\/wp-json\/wp\/v2\/product\/16173","targetHints":{"allow":["GET"]}}],"collection":[{"href":"https:\/\/homedecor.bosc.co\/store\/wp-json\/wp\/v2\/product"}],"about":[{"href":"https:\/\/homedecor.bosc.co\/store\/wp-json\/wp\/v2\/types\/product"}],"replies":[{"embeddable":true,"href":"https:\/\/homedecor.bosc.co\/store\/wp-json\/wp\/v2\/comments?post=16173"}],"wp:featuredmedia":[{"embeddable":true,"href":"https:\/\/homedecor.bosc.co\/store\/wp-json\/wp\/v2\/media\/16174"}],"wp:attachment":[{"href":"https:\/\/homedecor.bosc.co\/store\/wp-json\/wp\/v2\/media?parent=16173"}],"wp:term":[{"taxonomy":"product_cat","embeddable":true,"href":"https:\/\/homedecor.bosc.co\/store\/wp-json\/wp\/v2\/product_cat?post=16173"},{"taxonomy":"product_tag","embeddable":true,"href":"https:\/\/homedecor.bosc.co\/store\/wp-json\/wp\/v2\/product_tag?post=16173"}],"curies":[{"name":"wp","href":"https:\/\/api.w.org\/{rel}","templated":true}]}}