{"id":16152,"date":"2021-09-14T13:37:28","date_gmt":"2021-09-14T18:37:28","guid":{"rendered":"https:\/\/homedecor.bosc.co\/store\/?post_type=product&#038;p=16152"},"modified":"2021-09-14T13:39:46","modified_gmt":"2021-09-14T18:39:46","slug":"cortina-celular","status":"publish","type":"product","link":"https:\/\/homedecor.bosc.co\/store\/producto\/cortina-celular\/","title":{"rendered":"Cortina Celular"},"content":{"rendered":"<p>Un Dise\u00f1o \u00fanico con celadas un forma de panal te dar\u00e1n beneficios termoac\u00fasticos, podr\u00e1s regular la temperatura consiguiendo ambientes c\u00f3modos en cualquier regi\u00f3n del pa\u00eds y a la vez optimizar la ac\u00fastica gracias a su propiedad de absorber ondas sonoras.<\/p>\n<p>Tres niveles de opacidad, transparencia, trasl\u00facidez y blackout.<\/p>\n<p>Se adaptan a claraboyas, Ventanas en tri\u00e1ngulo, circulo y puertas corredizas.<\/p>\n<p>La iluminaci\u00f3n siempre estar\u00e1 a tu favor en sus diferentes accionamientos.<\/p>\n","protected":false},"excerpt":{"rendered":"<p>Los precios var\u00edan seg\u00fan tama\u00f1o y especificaciones de la cortina.<\/p>\n","protected":false},"featured_media":16153,"comment_status":"open","ping_status":"closed","template":"","meta":[],"product_cat":[156],"product_tag":[],"class_list":["post-16152","product","type-product","status-publish","has-post-thumbnail","hentry","product_cat-cortinas-2","layout-style-1","col-md-4 col-sm-4 col-xs-6","product-has-gallery","product-style-default"],"_links":{"self":[{"href":"https:\/\/homedecor.bosc.co\/store\/wp-json\/wp\/v2\/product\/16152","targetHints":{"allow":["GET"]}}],"collection":[{"href":"https:\/\/homedecor.bosc.co\/store\/wp-json\/wp\/v2\/product"}],"about":[{"href":"https:\/\/homedecor.bosc.co\/store\/wp-json\/wp\/v2\/types\/product"}],"replies":[{"embeddable":true,"href":"https:\/\/homedecor.bosc.co\/store\/wp-json\/wp\/v2\/comments?post=16152"}],"wp:featuredmedia":[{"embeddable":true,"href":"https:\/\/homedecor.bosc.co\/store\/wp-json\/wp\/v2\/media\/16153"}],"wp:attachment":[{"href":"https:\/\/homedecor.bosc.co\/store\/wp-json\/wp\/v2\/media?parent=16152"}],"wp:term":[{"taxonomy":"product_cat","embeddable":true,"href":"https:\/\/homedecor.bosc.co\/store\/wp-json\/wp\/v2\/product_cat?post=16152"},{"taxonomy":"product_tag","embeddable":true,"href":"https:\/\/homedecor.bosc.co\/store\/wp-json\/wp\/v2\/product_tag?post=16152"}],"curies":[{"name":"wp","href":"https:\/\/api.w.org\/{rel}","templated":true}]}}