{"id":16144,"date":"2021-09-11T20:08:43","date_gmt":"2021-09-12T01:08:43","guid":{"rendered":"https:\/\/homedecor.bosc.co\/store\/?post_type=product&#038;p=16144"},"modified":"2021-09-11T20:08:44","modified_gmt":"2021-09-12T01:08:44","slug":"lampara-maguncia","status":"publish","type":"product","link":"https:\/\/homedecor.bosc.co\/store\/producto\/lampara-maguncia\/","title":{"rendered":"Lampara Maguncia"},"content":{"rendered":"<ul class=\"a-unordered-list a-vertical a-spacing-mini\">\n<li><span class=\"a-list-item\">Regulaci\u00f3n regulable y bombilla LED incluida: coincide con el interruptor giratorio, la l\u00e1mpara de pie regulable se puede ajustar al brillo deseado suavemente de 0% a 100%, da una consideraci\u00f3n completa a tu experiencia diaria. Viene con una bombilla LED de 8 W y 3000 K, ofrece una luz blanca suave sin parpadeo, protege eficazmente tu vista.<\/span><\/li>\n<li><span class=\"a-list-item\">Estilo \u00fanico y cl\u00e1sico: inspirado en dise\u00f1os de mediados de siglo, esta l\u00e1mpara de montaje muestra un poste minimalista delgado con acabado chapado en oro, destacando la est\u00e9tica de toda la habitaci\u00f3n. La pantalla de lino cuenta con dos aberturas en la parte superior e inferior, proporcionando iluminaci\u00f3n centrada para estudiar, leer, trabajar.<\/span><\/li>\n<\/ul>\n","protected":false},"excerpt":{"rendered":"<p>Regulaci\u00f3n regulable y bombilla LED incluida: coincide con el interruptor giratorio, la l\u00e1mpara de pie regulable se puede ajustar al brillo deseado suavemente de 0% a 100%, da una consideraci\u00f3n&hellip;<\/p>\n","protected":false},"featured_media":16145,"comment_status":"open","ping_status":"closed","template":"","meta":[],"product_cat":[164],"product_tag":[],"class_list":["post-16144","product","type-product","status-publish","has-post-thumbnail","hentry","product_cat-lamparas-de-piso","layout-style-1","col-md-4 col-sm-4 col-xs-6","product-has-gallery","product-style-default"],"_links":{"self":[{"href":"https:\/\/homedecor.bosc.co\/store\/wp-json\/wp\/v2\/product\/16144","targetHints":{"allow":["GET"]}}],"collection":[{"href":"https:\/\/homedecor.bosc.co\/store\/wp-json\/wp\/v2\/product"}],"about":[{"href":"https:\/\/homedecor.bosc.co\/store\/wp-json\/wp\/v2\/types\/product"}],"replies":[{"embeddable":true,"href":"https:\/\/homedecor.bosc.co\/store\/wp-json\/wp\/v2\/comments?post=16144"}],"wp:featuredmedia":[{"embeddable":true,"href":"https:\/\/homedecor.bosc.co\/store\/wp-json\/wp\/v2\/media\/16145"}],"wp:attachment":[{"href":"https:\/\/homedecor.bosc.co\/store\/wp-json\/wp\/v2\/media?parent=16144"}],"wp:term":[{"taxonomy":"product_cat","embeddable":true,"href":"https:\/\/homedecor.bosc.co\/store\/wp-json\/wp\/v2\/product_cat?post=16144"},{"taxonomy":"product_tag","embeddable":true,"href":"https:\/\/homedecor.bosc.co\/store\/wp-json\/wp\/v2\/product_tag?post=16144"}],"curies":[{"name":"wp","href":"https:\/\/api.w.org\/{rel}","templated":true}]}}