{"id":16138,"date":"2021-09-11T20:06:26","date_gmt":"2021-09-12T01:06:26","guid":{"rendered":"https:\/\/homedecor.bosc.co\/store\/?post_type=product&#038;p=16138"},"modified":"2021-09-11T20:06:26","modified_gmt":"2021-09-12T01:06:26","slug":"lampara-treveris","status":"publish","type":"product","link":"https:\/\/homedecor.bosc.co\/store\/producto\/lampara-treveris\/","title":{"rendered":"Lampara Treveris"},"content":{"rendered":"<ul class=\"a-unordered-list a-vertical a-spacing-mini\">\n<li><span class=\"a-list-item\">L\u00e1mpara de pie de cristal moderna multifuncional: l\u00e1mpara de pie brillante Stepeak, una l\u00e1mpara minimalista construida para m\u00faltiples usos en interiores, ideal para sala de estar, dormitorios, sala familiar, oficina, dormitorio. Nuestra l\u00e1mpara LED de pie tambi\u00e9n se puede utilizar como una l\u00e1mpara de noche o iluminaci\u00f3n de manualidades.<\/span><\/li>\n<li><span class=\"a-list-item\">Altura adecuada y base estable. Con una altura humanizada de 63.8\u00a0in, nuestra l\u00e1mpara de pie para dormitorio aporta m\u00e1s comodidad a tu uso diario, proporcionando una amplia iluminaci\u00f3n para leer, escribir. Nuestra l\u00e1mpara colgante de pie tambi\u00e9n cuenta con una base de metal pesado, lo que la hace recta, sin doblarse ni inclinarse, te permite disfrutar de un momento feliz con tus hijos y mascotas en paz alrededor de la l\u00e1mpara de pie del \u00e1rbol.<\/span><\/li>\n<\/ul>\n","protected":false},"excerpt":{"rendered":"<p>L\u00e1mpara de pie de cristal moderna multifuncional: l\u00e1mpara de pie brillante Stepeak, una l\u00e1mpara minimalista construida para m\u00faltiples usos en interiores, ideal para sala de estar, dormitorios, sala familiar, oficina,&hellip;<\/p>\n","protected":false},"featured_media":16139,"comment_status":"open","ping_status":"closed","template":"","meta":[],"product_cat":[164],"product_tag":[],"class_list":["post-16138","product","type-product","status-publish","has-post-thumbnail","hentry","product_cat-lamparas-de-piso","layout-style-1","col-md-4 col-sm-4 col-xs-6","product-has-gallery","product-style-default"],"_links":{"self":[{"href":"https:\/\/homedecor.bosc.co\/store\/wp-json\/wp\/v2\/product\/16138","targetHints":{"allow":["GET"]}}],"collection":[{"href":"https:\/\/homedecor.bosc.co\/store\/wp-json\/wp\/v2\/product"}],"about":[{"href":"https:\/\/homedecor.bosc.co\/store\/wp-json\/wp\/v2\/types\/product"}],"replies":[{"embeddable":true,"href":"https:\/\/homedecor.bosc.co\/store\/wp-json\/wp\/v2\/comments?post=16138"}],"wp:featuredmedia":[{"embeddable":true,"href":"https:\/\/homedecor.bosc.co\/store\/wp-json\/wp\/v2\/media\/16139"}],"wp:attachment":[{"href":"https:\/\/homedecor.bosc.co\/store\/wp-json\/wp\/v2\/media?parent=16138"}],"wp:term":[{"taxonomy":"product_cat","embeddable":true,"href":"https:\/\/homedecor.bosc.co\/store\/wp-json\/wp\/v2\/product_cat?post=16138"},{"taxonomy":"product_tag","embeddable":true,"href":"https:\/\/homedecor.bosc.co\/store\/wp-json\/wp\/v2\/product_tag?post=16138"}],"curies":[{"name":"wp","href":"https:\/\/api.w.org\/{rel}","templated":true}]}}