{"id":16136,"date":"2021-09-11T20:03:09","date_gmt":"2021-09-12T01:03:09","guid":{"rendered":"https:\/\/homedecor.bosc.co\/store\/?post_type=product&#038;p=16136"},"modified":"2021-09-11T20:03:09","modified_gmt":"2021-09-12T01:03:09","slug":"lampara-rostock","status":"publish","type":"product","link":"https:\/\/homedecor.bosc.co\/store\/producto\/lampara-rostock\/","title":{"rendered":"Lampara Rostock"},"content":{"rendered":"<ul class=\"a-unordered-list a-vertical a-spacing-mini\">\n<li><span class=\"a-list-item\">Totalmente regulable con 3 bombillas LED gratis: controlada por un interruptor de atenuaci\u00f3n en el cable, esta l\u00e1mpara de pie lateral te ofrece una experiencia manos libres. Simplemente un ligero deslizamiento con tu pie para ajustar suavemente tu brillo preferido de 0 a 100%. Viene con tres bombillas LED de 6 W y 4000 K, la l\u00e1mpara de pie regulable puede ofrecer luz blanca sin parpadeo, minimiza eficazmente tu dolor de ojos despu\u00e9s de una lectura o trabajo prolongados.<\/span><\/li>\n<li><span class=\"a-list-item\">Cabezales ajustables de 350\u00b0 y 180\u00b0: equipado con tres pantallas giratorias, esta l\u00e1mpara de pie de noche te permite ajustar la direcci\u00f3n seg\u00fan sea necesario. No importa si quieres emitir luz enfocada cuando est\u00e1s leyendo y trabajando, o crear iluminaci\u00f3n de estado de \u00e1nimo antes de dormir, puede resolver en gran medida las molestias causadas por la direcci\u00f3n fija de la cabeza de la l\u00e1mpara. Adem\u00e1s, 3 tonos flexibles independientes tambi\u00e9n satisfacen la demanda de varias personas, permiten que t\u00fa y tu familia disfruten de la iluminaci\u00f3n simult\u00e1neamente.<\/span><\/li>\n<li><span class=\"a-list-item\">Dise\u00f1o elegante y minimalista que se adapta a cualquier lugar: esta moderna l\u00e1mpara de pie combina un dise\u00f1o delgado de farola y pantallas de metal en forma de campana, puede combinar con una gama de temas de decoraci\u00f3n como industrial, vintage, granja o m\u00e1s. Cuenta con un negro mate texturizado con un toque de acabado dorado lujoso, esta l\u00e1mpara de pie regulable es una caracter\u00edstica de buen gusto mientras eleva la decoraci\u00f3n de tu hogar con una simple colocaci\u00f3n.<\/span><\/li>\n<\/ul>\n","protected":false},"excerpt":{"rendered":"<p>Totalmente regulable con 3 bombillas LED gratis: controlada por un interruptor de atenuaci\u00f3n en el cable, esta l\u00e1mpara de pie lateral te ofrece una experiencia manos libres. Simplemente un ligero&hellip;<\/p>\n","protected":false},"featured_media":16137,"comment_status":"open","ping_status":"closed","template":"","meta":[],"product_cat":[164],"product_tag":[],"class_list":["post-16136","product","type-product","status-publish","has-post-thumbnail","hentry","product_cat-lamparas-de-piso","layout-style-1","col-md-4 col-sm-4 col-xs-6","product-style-default"],"_links":{"self":[{"href":"https:\/\/homedecor.bosc.co\/store\/wp-json\/wp\/v2\/product\/16136","targetHints":{"allow":["GET"]}}],"collection":[{"href":"https:\/\/homedecor.bosc.co\/store\/wp-json\/wp\/v2\/product"}],"about":[{"href":"https:\/\/homedecor.bosc.co\/store\/wp-json\/wp\/v2\/types\/product"}],"replies":[{"embeddable":true,"href":"https:\/\/homedecor.bosc.co\/store\/wp-json\/wp\/v2\/comments?post=16136"}],"wp:featuredmedia":[{"embeddable":true,"href":"https:\/\/homedecor.bosc.co\/store\/wp-json\/wp\/v2\/media\/16137"}],"wp:attachment":[{"href":"https:\/\/homedecor.bosc.co\/store\/wp-json\/wp\/v2\/media?parent=16136"}],"wp:term":[{"taxonomy":"product_cat","embeddable":true,"href":"https:\/\/homedecor.bosc.co\/store\/wp-json\/wp\/v2\/product_cat?post=16136"},{"taxonomy":"product_tag","embeddable":true,"href":"https:\/\/homedecor.bosc.co\/store\/wp-json\/wp\/v2\/product_tag?post=16136"}],"curies":[{"name":"wp","href":"https:\/\/api.w.org\/{rel}","templated":true}]}}