{"id":16132,"date":"2021-09-11T20:00:50","date_gmt":"2021-09-12T01:00:50","guid":{"rendered":"https:\/\/homedecor.bosc.co\/store\/?post_type=product&#038;p=16132"},"modified":"2021-09-11T20:00:50","modified_gmt":"2021-09-12T01:00:50","slug":"lampara-kassel","status":"publish","type":"product","link":"https:\/\/homedecor.bosc.co\/store\/producto\/lampara-kassel\/","title":{"rendered":"Lampara Kassel"},"content":{"rendered":"<ul class=\"a-unordered-list a-vertical a-spacing-mini\">\n<li><span class=\"a-list-item\">Dise\u00f1o elegante y m\u00faltiples aplicaciones: esta l\u00e1mpara de pie con tr\u00edpode es una l\u00e1mpara elegante que se adapta a la construcci\u00f3n moderna, retro, mediados de siglo o tradicional. El dise\u00f1o moderno y cl\u00e1sico hace que no solo sea una l\u00e1mpara, sino tambi\u00e9n una decoraci\u00f3n, adecuado para la sala de estar, el dormitorio y la oficina.<\/span><\/li>\n<li><span class=\"a-list-item\">Pantalla de lino de alta calidad y tr\u00edpode de madera maciza: la pantalla de lino a presi\u00f3n es m\u00e1s fuerte y hermosa, con aberturas en ambos extremos que pueden crear una buena iluminaci\u00f3n de ambiente. El tr\u00edpode est\u00e1 hecho de madera maciza de caucho natural, duradero, estable y elegante.<\/span><\/li>\n<li><span class=\"a-list-item\">Interruptor de pie de encendido\/apagado: un interruptor de pie convenientemente situado en el cable de la l\u00e1mpara para encender y apagar la luz r\u00e1pida y f\u00e1cilmente.<\/span><\/li>\n<\/ul>\n","protected":false},"excerpt":{"rendered":"<p>Dise\u00f1o elegante y m\u00faltiples aplicaciones: esta l\u00e1mpara de pie con tr\u00edpode es una l\u00e1mpara elegante que se adapta a la construcci\u00f3n moderna, retro, mediados de siglo o tradicional. El dise\u00f1o&hellip;<\/p>\n","protected":false},"featured_media":16133,"comment_status":"open","ping_status":"closed","template":"","meta":[],"product_cat":[164],"product_tag":[],"class_list":["post-16132","product","type-product","status-publish","has-post-thumbnail","hentry","product_cat-lamparas-de-piso","layout-style-1","col-md-4 col-sm-4 col-xs-6","product-has-gallery","product-style-default"],"_links":{"self":[{"href":"https:\/\/homedecor.bosc.co\/store\/wp-json\/wp\/v2\/product\/16132","targetHints":{"allow":["GET"]}}],"collection":[{"href":"https:\/\/homedecor.bosc.co\/store\/wp-json\/wp\/v2\/product"}],"about":[{"href":"https:\/\/homedecor.bosc.co\/store\/wp-json\/wp\/v2\/types\/product"}],"replies":[{"embeddable":true,"href":"https:\/\/homedecor.bosc.co\/store\/wp-json\/wp\/v2\/comments?post=16132"}],"wp:featuredmedia":[{"embeddable":true,"href":"https:\/\/homedecor.bosc.co\/store\/wp-json\/wp\/v2\/media\/16133"}],"wp:attachment":[{"href":"https:\/\/homedecor.bosc.co\/store\/wp-json\/wp\/v2\/media?parent=16132"}],"wp:term":[{"taxonomy":"product_cat","embeddable":true,"href":"https:\/\/homedecor.bosc.co\/store\/wp-json\/wp\/v2\/product_cat?post=16132"},{"taxonomy":"product_tag","embeddable":true,"href":"https:\/\/homedecor.bosc.co\/store\/wp-json\/wp\/v2\/product_tag?post=16132"}],"curies":[{"name":"wp","href":"https:\/\/api.w.org\/{rel}","templated":true}]}}