{"id":16119,"date":"2021-09-11T19:52:47","date_gmt":"2021-09-12T00:52:47","guid":{"rendered":"https:\/\/homedecor.bosc.co\/store\/?post_type=product&#038;p=16119"},"modified":"2021-09-11T19:52:47","modified_gmt":"2021-09-12T00:52:47","slug":"lampara-essen","status":"publish","type":"product","link":"https:\/\/homedecor.bosc.co\/store\/producto\/lampara-essen\/","title":{"rendered":"Lampara Essen"},"content":{"rendered":"<ul class=\"a-unordered-list a-vertical a-spacing-mini\">\n<li><span class=\"a-list-item\">Esta espectacular l\u00e1mpara de pie es una obra maestra de dise\u00f1o. La mezcla ecl\u00e9ctica de estilo industrial, retro y moderno, junto con 5 brazos ajustables, seguro que llamar\u00e1 la atenci\u00f3n.<\/span><\/li>\n<li><span class=\"a-list-item\">Dise\u00f1o industrial moderno<\/span><\/li>\n<li><span class=\"a-list-item\">Metal negro, base de m\u00e1rmol, brazos de lat\u00f3n, bombillas Edison vintage<\/span><\/li>\n<li><span class=\"a-list-item\">Dise\u00f1o funcional con m\u00faltiples ajustes de luz<\/span><\/li>\n<li><span class=\"a-list-item\">21.0 x 21.0 x 60.0\u00a0in<\/span><\/li>\n<\/ul>\n","protected":false},"excerpt":{"rendered":"<p>Esta espectacular l\u00e1mpara de pie es una obra maestra de dise\u00f1o. La mezcla ecl\u00e9ctica de estilo industrial, retro y moderno, junto con 5 brazos ajustables, seguro que llamar\u00e1 la atenci\u00f3n.&hellip;<\/p>\n","protected":false},"featured_media":16120,"comment_status":"open","ping_status":"closed","template":"","meta":[],"product_cat":[164],"product_tag":[],"class_list":["post-16119","product","type-product","status-publish","has-post-thumbnail","hentry","product_cat-lamparas-de-piso","layout-style-1","col-md-4 col-sm-4 col-xs-6","product-has-gallery","product-style-default"],"_links":{"self":[{"href":"https:\/\/homedecor.bosc.co\/store\/wp-json\/wp\/v2\/product\/16119","targetHints":{"allow":["GET"]}}],"collection":[{"href":"https:\/\/homedecor.bosc.co\/store\/wp-json\/wp\/v2\/product"}],"about":[{"href":"https:\/\/homedecor.bosc.co\/store\/wp-json\/wp\/v2\/types\/product"}],"replies":[{"embeddable":true,"href":"https:\/\/homedecor.bosc.co\/store\/wp-json\/wp\/v2\/comments?post=16119"}],"wp:featuredmedia":[{"embeddable":true,"href":"https:\/\/homedecor.bosc.co\/store\/wp-json\/wp\/v2\/media\/16120"}],"wp:attachment":[{"href":"https:\/\/homedecor.bosc.co\/store\/wp-json\/wp\/v2\/media?parent=16119"}],"wp:term":[{"taxonomy":"product_cat","embeddable":true,"href":"https:\/\/homedecor.bosc.co\/store\/wp-json\/wp\/v2\/product_cat?post=16119"},{"taxonomy":"product_tag","embeddable":true,"href":"https:\/\/homedecor.bosc.co\/store\/wp-json\/wp\/v2\/product_tag?post=16119"}],"curies":[{"name":"wp","href":"https:\/\/api.w.org\/{rel}","templated":true}]}}