{"id":16111,"date":"2021-09-11T19:49:16","date_gmt":"2021-09-12T00:49:16","guid":{"rendered":"https:\/\/homedecor.bosc.co\/store\/?post_type=product&#038;p=16111"},"modified":"2021-09-11T19:49:16","modified_gmt":"2021-09-12T00:49:16","slug":"lampara-hannover","status":"publish","type":"product","link":"https:\/\/homedecor.bosc.co\/store\/producto\/lampara-hannover\/","title":{"rendered":"Lampara Hannover"},"content":{"rendered":"<ul class=\"a-unordered-list a-vertical a-spacing-mini\">\n<li><span class=\"a-list-item\">L\u00e1mpara de pie r\u00fastica: con un cuerpo de acero recubierto de polvo para todo tipo de clima y un rico acabado de bronce aceitado, esta l\u00e1mpara de pie alta resistir\u00e1 la decoloraci\u00f3n en el sol y las inclemencias del tiempo para las pr\u00f3ximas temporadas<\/span><\/li>\n<li><span class=\"a-list-item\">Dimensiones: las l\u00e1mparas de exterior miden 58 pulgadas de alto y 16 pulgadas de di\u00e1metro; requiere 1 foco m\u00e1ximo de 100 vatios; interruptor de polo de encendido\/apagado<\/span><\/li>\n<li><span class=\"a-list-item\">Perfil de iluminaci\u00f3n: con una pantalla de rat\u00e1n, esta l\u00e1mpara de pie alta proporciona un mont\u00f3n de iluminaci\u00f3n texturizada y llena de \u00e1rea; el escudo de bombilla blanca crea un brillo brillante, mientras que la pantalla de la l\u00e1mpara emite sombras interesantes<\/span><\/li>\n<li><span class=\"a-list-item\">Pr\u00e1ctico interruptor y cable resistente: esta l\u00e1mpara de pie de metal incluye un pr\u00e1ctico interruptor de bot\u00f3n de encendido\/apagado; el cable de alimentaci\u00f3n tiene una longitud m\u00ednima de 9.8\u00a0ft, por lo que puedes colocar tu l\u00e1mpara al aire libre donde quieras<\/span><\/li>\n<\/ul>\n","protected":false},"excerpt":{"rendered":"<p>L\u00e1mpara de pie r\u00fastica: con un cuerpo de acero recubierto de polvo para todo tipo de clima y un rico acabado de bronce aceitado, esta l\u00e1mpara de pie alta resistir\u00e1&hellip;<\/p>\n","protected":false},"featured_media":16112,"comment_status":"open","ping_status":"closed","template":"","meta":[],"product_cat":[164],"product_tag":[],"class_list":["post-16111","product","type-product","status-publish","has-post-thumbnail","hentry","product_cat-lamparas-de-piso","layout-style-1","col-md-4 col-sm-4 col-xs-6","product-has-gallery","product-style-default"],"_links":{"self":[{"href":"https:\/\/homedecor.bosc.co\/store\/wp-json\/wp\/v2\/product\/16111","targetHints":{"allow":["GET"]}}],"collection":[{"href":"https:\/\/homedecor.bosc.co\/store\/wp-json\/wp\/v2\/product"}],"about":[{"href":"https:\/\/homedecor.bosc.co\/store\/wp-json\/wp\/v2\/types\/product"}],"replies":[{"embeddable":true,"href":"https:\/\/homedecor.bosc.co\/store\/wp-json\/wp\/v2\/comments?post=16111"}],"wp:featuredmedia":[{"embeddable":true,"href":"https:\/\/homedecor.bosc.co\/store\/wp-json\/wp\/v2\/media\/16112"}],"wp:attachment":[{"href":"https:\/\/homedecor.bosc.co\/store\/wp-json\/wp\/v2\/media?parent=16111"}],"wp:term":[{"taxonomy":"product_cat","embeddable":true,"href":"https:\/\/homedecor.bosc.co\/store\/wp-json\/wp\/v2\/product_cat?post=16111"},{"taxonomy":"product_tag","embeddable":true,"href":"https:\/\/homedecor.bosc.co\/store\/wp-json\/wp\/v2\/product_tag?post=16111"}],"curies":[{"name":"wp","href":"https:\/\/api.w.org\/{rel}","templated":true}]}}