{"id":16107,"date":"2021-09-11T19:45:09","date_gmt":"2021-09-12T00:45:09","guid":{"rendered":"https:\/\/homedecor.bosc.co\/store\/?post_type=product&#038;p=16107"},"modified":"2021-09-11T19:45:09","modified_gmt":"2021-09-12T00:45:09","slug":"lampara-lubeck","status":"publish","type":"product","link":"https:\/\/homedecor.bosc.co\/store\/producto\/lampara-lubeck\/","title":{"rendered":"Lampara Lubeck"},"content":{"rendered":"<ul>\n<li><span class=\"a-list-item\">L\u00e1mpara de pie que se adapta a decoraciones industriales, granjas, vintage y r\u00fasticas. Lubeck combina una gama de tendencias de decoraci\u00f3n contempor\u00e1neas, como los estilos que reproducen de los tiempos pasados. La bombilla Edison, junto con la pantalla de cristal colgante y la placa de bronce cepillado al \u00f3leo a\u00f1aden un aspecto vintage pero lujoso a tu sal\u00f3n o dormitorio.<\/span><\/li>\n<li><span class=\"a-list-item\">Luz de lectura c\u00e1lida compatible con Alexa y Google Home para el hogar o la oficina: el Elizabeth funciona con tomas inteligentes que son Alexa, Google Home Assistant, o Apple HomeKit habilitado, para encender\/apagar. (Requiere toma inteligente que se vende por separado). Disfruta de una luz de lectura c\u00e1lida y acogedora que crea un espacio c\u00f3modo junto a tu silla de libros, una gran alternativa a las desagradables luces de techo.<\/span><\/li>\n<li><span class=\"a-list-item\">F\u00e1cil de montar, la l\u00e1mpara de interior vertical es segura para ni\u00f1os y mascotas. Esta l\u00e1mpara de pie Lubeck solo tarda unos minutos en construir, incluso si no est\u00e1s a mano. Gracias a la base pesada, es poco probable que se vuelque cuando se golpea, por lo que es seguro alrededor de ni\u00f1os y mascotas.<\/span><\/li>\n<\/ul>\n","protected":false},"excerpt":{"rendered":"<p>L\u00e1mpara de pie que se adapta a decoraciones industriales, granjas, vintage y r\u00fasticas. Lubeck combina una gama de tendencias de decoraci\u00f3n contempor\u00e1neas, como los estilos que reproducen de los tiempos&hellip;<\/p>\n","protected":false},"featured_media":16108,"comment_status":"open","ping_status":"closed","template":"","meta":[],"product_cat":[164],"product_tag":[],"class_list":["post-16107","product","type-product","status-publish","has-post-thumbnail","hentry","product_cat-lamparas-de-piso","layout-style-1","col-md-4 col-sm-4 col-xs-6","product-has-gallery","product-style-default"],"_links":{"self":[{"href":"https:\/\/homedecor.bosc.co\/store\/wp-json\/wp\/v2\/product\/16107","targetHints":{"allow":["GET"]}}],"collection":[{"href":"https:\/\/homedecor.bosc.co\/store\/wp-json\/wp\/v2\/product"}],"about":[{"href":"https:\/\/homedecor.bosc.co\/store\/wp-json\/wp\/v2\/types\/product"}],"replies":[{"embeddable":true,"href":"https:\/\/homedecor.bosc.co\/store\/wp-json\/wp\/v2\/comments?post=16107"}],"wp:featuredmedia":[{"embeddable":true,"href":"https:\/\/homedecor.bosc.co\/store\/wp-json\/wp\/v2\/media\/16108"}],"wp:attachment":[{"href":"https:\/\/homedecor.bosc.co\/store\/wp-json\/wp\/v2\/media?parent=16107"}],"wp:term":[{"taxonomy":"product_cat","embeddable":true,"href":"https:\/\/homedecor.bosc.co\/store\/wp-json\/wp\/v2\/product_cat?post=16107"},{"taxonomy":"product_tag","embeddable":true,"href":"https:\/\/homedecor.bosc.co\/store\/wp-json\/wp\/v2\/product_tag?post=16107"}],"curies":[{"name":"wp","href":"https:\/\/api.w.org\/{rel}","templated":true}]}}