{"id":16104,"date":"2021-09-11T19:41:16","date_gmt":"2021-09-12T00:41:16","guid":{"rendered":"https:\/\/homedecor.bosc.co\/store\/?post_type=product&#038;p=16104"},"modified":"2021-09-11T19:41:16","modified_gmt":"2021-09-12T00:41:16","slug":"lampara-dortmund","status":"publish","type":"product","link":"https:\/\/homedecor.bosc.co\/store\/producto\/lampara-dortmund\/","title":{"rendered":"Lampara Dortmund"},"content":{"rendered":"<ul class=\"a-unordered-list a-vertical a-spacing-mini\">\n<li><span class=\"a-list-item\">Iluminaci\u00f3n superbrillante ~ 150 W equivalente a la linterna LED ilumina toda una habitaci\u00f3n. \u00bfQuieres una luz muy brillante sin accesorios caros o duros? La linterna Durtmond tiene 2190 l\u00famenes muy altos (a 3000 K blanco c\u00e1lido), suficiente para iluminar una habitaci\u00f3n grande. Su cabeza gira f\u00e1cilmente y brilla la luz en cualquier direcci\u00f3n que lo necesites.<\/span><\/li>\n<li><span class=\"a-list-item\">La moderna l\u00e1mpara de esquina es regulable de 3 v\u00edas. Nueva funci\u00f3n de memoria que ahorra brillo para la pr\u00f3xima vez. El cielo combina con una decoraci\u00f3n moderna, minimalista, urbana, casual y contempor\u00e1nea. La l\u00e1mpara de poste encaja f\u00e1cilmente en las esquinas y la base se desliza debajo del sof\u00e1. Nuevo: esta l\u00e1mpara de poste de 3 v\u00edas integrada ahora recuerda tu ajuste de brillo para la pr\u00f3xima vez que lo enciendas y funciona con interruptores de pared.<\/span><\/li>\n<\/ul>\n","protected":false},"excerpt":{"rendered":"<p>Iluminaci\u00f3n superbrillante ~ 150 W equivalente a la linterna LED ilumina toda una habitaci\u00f3n. \u00bfQuieres una luz muy brillante sin accesorios caros o duros? La linterna Durtmond tiene 2190 l\u00famenes&hellip;<\/p>\n","protected":false},"featured_media":16105,"comment_status":"open","ping_status":"closed","template":"","meta":[],"product_cat":[164],"product_tag":[],"class_list":["post-16104","product","type-product","status-publish","has-post-thumbnail","hentry","product_cat-lamparas-de-piso","layout-style-1","col-md-4 col-sm-4 col-xs-6","product-has-gallery","product-style-default"],"_links":{"self":[{"href":"https:\/\/homedecor.bosc.co\/store\/wp-json\/wp\/v2\/product\/16104","targetHints":{"allow":["GET"]}}],"collection":[{"href":"https:\/\/homedecor.bosc.co\/store\/wp-json\/wp\/v2\/product"}],"about":[{"href":"https:\/\/homedecor.bosc.co\/store\/wp-json\/wp\/v2\/types\/product"}],"replies":[{"embeddable":true,"href":"https:\/\/homedecor.bosc.co\/store\/wp-json\/wp\/v2\/comments?post=16104"}],"wp:featuredmedia":[{"embeddable":true,"href":"https:\/\/homedecor.bosc.co\/store\/wp-json\/wp\/v2\/media\/16105"}],"wp:attachment":[{"href":"https:\/\/homedecor.bosc.co\/store\/wp-json\/wp\/v2\/media?parent=16104"}],"wp:term":[{"taxonomy":"product_cat","embeddable":true,"href":"https:\/\/homedecor.bosc.co\/store\/wp-json\/wp\/v2\/product_cat?post=16104"},{"taxonomy":"product_tag","embeddable":true,"href":"https:\/\/homedecor.bosc.co\/store\/wp-json\/wp\/v2\/product_tag?post=16104"}],"curies":[{"name":"wp","href":"https:\/\/api.w.org\/{rel}","templated":true}]}}