{"id":16098,"date":"2021-09-11T19:36:30","date_gmt":"2021-09-12T00:36:30","guid":{"rendered":"https:\/\/homedecor.bosc.co\/store\/?post_type=product&#038;p=16098"},"modified":"2021-09-11T19:36:30","modified_gmt":"2021-09-12T00:36:30","slug":"lampara-leipzig","status":"publish","type":"product","link":"https:\/\/homedecor.bosc.co\/store\/producto\/lampara-leipzig\/","title":{"rendered":"Lampara Leipzig"},"content":{"rendered":"<ul class=\"a-unordered-list a-vertical a-spacing-mini\">\n<li><span class=\"a-list-item\">Elegante l\u00e1mpara de arco contempor\u00e1neo que se adapta a la gama de estilos de decoraci\u00f3n: disfruta de cumplidos de amigos y familia. La l\u00e1mpara de pie Logan a\u00f1ade un toque de lujo a muchos estilos de decoraci\u00f3n como urbano, moderno de mediados de siglo, minimalista, vintage, tradicional e industrial. A\u00f1ade elegancia a tu hogar u oficina con su pantalla de lino neutro que complementa el poste (disponible en negro o dorado) y base de m\u00e1rmol negro (nota: el m\u00e1rmol es aleatorio y puede venir con l\u00edneas blancas).<\/span><\/li>\n<li><span class=\"a-list-item\">Estable, detr\u00e1s de la luz de lectura del sof\u00e1 para salas de estar: esta es una gran l\u00e1mpara para colocar sobre la sala de estar o la sala familiar. La base baja de m\u00e1rmol de 1.5\u00a0in se desliza f\u00e1cilmente debajo de tu sof\u00e1, y puedes telescopiar el arco ajustable hasta 44.1\u00a0in desde el poste. Disfruta de la luz superior para leer, tejer y otros pasatiempos. La base pesada de 14.0 x 11.0\u00a0in tambi\u00e9n hace que no se mueva, es decir, seguro alrededor de ni\u00f1os y mascotas. La altura m\u00e1xima de 76 pulgadas llena espacio en habitaciones con techos altos.<\/span><\/li>\n<\/ul>\n","protected":false},"excerpt":{"rendered":"<p>Elegante l\u00e1mpara de arco contempor\u00e1neo que se adapta a la gama de estilos de decoraci\u00f3n: disfruta de cumplidos de amigos y familia. La l\u00e1mpara de pie Logan a\u00f1ade un toque&hellip;<\/p>\n","protected":false},"featured_media":16099,"comment_status":"open","ping_status":"closed","template":"","meta":[],"product_cat":[164],"product_tag":[],"class_list":["post-16098","product","type-product","status-publish","has-post-thumbnail","hentry","product_cat-lamparas-de-piso","layout-style-1","col-md-4 col-sm-4 col-xs-6","product-has-gallery","product-style-default"],"_links":{"self":[{"href":"https:\/\/homedecor.bosc.co\/store\/wp-json\/wp\/v2\/product\/16098","targetHints":{"allow":["GET"]}}],"collection":[{"href":"https:\/\/homedecor.bosc.co\/store\/wp-json\/wp\/v2\/product"}],"about":[{"href":"https:\/\/homedecor.bosc.co\/store\/wp-json\/wp\/v2\/types\/product"}],"replies":[{"embeddable":true,"href":"https:\/\/homedecor.bosc.co\/store\/wp-json\/wp\/v2\/comments?post=16098"}],"wp:featuredmedia":[{"embeddable":true,"href":"https:\/\/homedecor.bosc.co\/store\/wp-json\/wp\/v2\/media\/16099"}],"wp:attachment":[{"href":"https:\/\/homedecor.bosc.co\/store\/wp-json\/wp\/v2\/media?parent=16098"}],"wp:term":[{"taxonomy":"product_cat","embeddable":true,"href":"https:\/\/homedecor.bosc.co\/store\/wp-json\/wp\/v2\/product_cat?post=16098"},{"taxonomy":"product_tag","embeddable":true,"href":"https:\/\/homedecor.bosc.co\/store\/wp-json\/wp\/v2\/product_tag?post=16098"}],"curies":[{"name":"wp","href":"https:\/\/api.w.org\/{rel}","templated":true}]}}