{"id":16067,"date":"2021-09-11T17:33:58","date_gmt":"2021-09-11T22:33:58","guid":{"rendered":"https:\/\/homedecor.bosc.co\/store\/?post_type=product&#038;p=16067"},"modified":"2021-09-11T17:33:58","modified_gmt":"2021-09-11T22:33:58","slug":"caja-de-joya-y-organizador-neceseres","status":"publish","type":"product","link":"https:\/\/homedecor.bosc.co\/store\/producto\/caja-de-joya-y-organizador-neceseres\/","title":{"rendered":"Caja de joya y organizador Neceseres"},"content":{"rendered":"<div class=\"product-intro__description-table-item\" tabindex=\"0\" role=\"text\">\n<div class=\"key\">Color: Gris<\/div>\n<\/div>\n<div class=\"product-intro__description-table-item\" tabindex=\"0\" role=\"text\">\n<div class=\"key\">Tipo de Estampado: Liso<\/div>\n<\/div>\n<div class=\"product-intro__description-table-item\" tabindex=\"0\" role=\"text\">\n<div class=\"key\">Tipo: Neceseres de Maquillaje<\/div>\n<\/div>\n<div class=\"product-intro__description-table-item\" tabindex=\"0\" role=\"text\">\n<div class=\"key\">Material: pl\u00e1stico<\/div>\n<\/div>\n<div class=\"product-intro__description-table-item\" tabindex=\"0\" role=\"text\">\n<div class=\"key\">Composici\u00f3n: 100% pl\u00e1stico<\/div>\n<\/div>\n","protected":false},"excerpt":{"rendered":"<p>Color: Gris Tipo de Estampado: Liso Tipo: Neceseres de Maquillaje Material: pl\u00e1stico Composici\u00f3n: 100% pl\u00e1stico<\/p>\n","protected":false},"featured_media":16068,"comment_status":"open","ping_status":"closed","template":"","meta":[],"product_cat":[167],"product_tag":[],"class_list":["post-16067","product","type-product","status-publish","has-post-thumbnail","hentry","product_cat-decorados","layout-style-1","col-md-4 col-sm-4 col-xs-6","product-has-gallery","product-style-default"],"_links":{"self":[{"href":"https:\/\/homedecor.bosc.co\/store\/wp-json\/wp\/v2\/product\/16067","targetHints":{"allow":["GET"]}}],"collection":[{"href":"https:\/\/homedecor.bosc.co\/store\/wp-json\/wp\/v2\/product"}],"about":[{"href":"https:\/\/homedecor.bosc.co\/store\/wp-json\/wp\/v2\/types\/product"}],"replies":[{"embeddable":true,"href":"https:\/\/homedecor.bosc.co\/store\/wp-json\/wp\/v2\/comments?post=16067"}],"wp:featuredmedia":[{"embeddable":true,"href":"https:\/\/homedecor.bosc.co\/store\/wp-json\/wp\/v2\/media\/16068"}],"wp:attachment":[{"href":"https:\/\/homedecor.bosc.co\/store\/wp-json\/wp\/v2\/media?parent=16067"}],"wp:term":[{"taxonomy":"product_cat","embeddable":true,"href":"https:\/\/homedecor.bosc.co\/store\/wp-json\/wp\/v2\/product_cat?post=16067"},{"taxonomy":"product_tag","embeddable":true,"href":"https:\/\/homedecor.bosc.co\/store\/wp-json\/wp\/v2\/product_tag?post=16067"}],"curies":[{"name":"wp","href":"https:\/\/api.w.org\/{rel}","templated":true}]}}