{"id":16036,"date":"2021-09-11T16:47:50","date_gmt":"2021-09-11T21:47:50","guid":{"rendered":"https:\/\/homedecor.bosc.co\/store\/?post_type=product&#038;p=16036"},"modified":"2021-09-11T16:47:51","modified_gmt":"2021-09-11T21:47:51","slug":"cojin-bremen","status":"publish","type":"product","link":"https:\/\/homedecor.bosc.co\/store\/producto\/cojin-bremen\/","title":{"rendered":"Coj\u00edn Bremen"},"content":{"rendered":"<div class=\"product-intro__description-table-item\" tabindex=\"0\" role=\"text\">\n<div class=\"key\">Material: Poli\u00e9ster<\/div>\n<\/div>\n<div class=\"product-intro__description-table-item\" tabindex=\"0\" role=\"text\">\n<div class=\"key\">Color: Azul<\/div>\n<\/div>\n<div class=\"product-intro__description-table-item\" tabindex=\"0\" role=\"text\">\n<div class=\"key\">Tipo de Estampado: Geom\u00e9trico<\/div>\n<\/div>\n<div class=\"product-intro__description-table-item\" tabindex=\"0\" role=\"text\">\n<div class=\"key\">Cantidad: 1 pieza<\/div>\n<\/div>\n<div class=\"product-intro__description-table-item\" tabindex=\"0\" role=\"text\">\n<div class=\"key\">Composici\u00f3n: 100% Poli\u00e9ster<\/div>\n<\/div>\n<div class=\"product-intro__description-table-item\" tabindex=\"0\" role=\"text\">\n<div class=\"key\">Tipo: Funda para almohada<\/div>\n<\/div>\n","protected":false},"excerpt":{"rendered":"<p>Material: Poli\u00e9ster Color: Azul Tipo de Estampado: Geom\u00e9trico Cantidad: 1 pieza Composici\u00f3n: 100% Poli\u00e9ster Tipo: Funda para almohada<\/p>\n","protected":false},"featured_media":16037,"comment_status":"open","ping_status":"closed","template":"","meta":[],"product_cat":[166],"product_tag":[],"class_list":["post-16036","product","type-product","status-publish","has-post-thumbnail","hentry","product_cat-cojines","layout-style-1","col-md-4 col-sm-4 col-xs-6","product-has-gallery","product-style-default"],"_links":{"self":[{"href":"https:\/\/homedecor.bosc.co\/store\/wp-json\/wp\/v2\/product\/16036","targetHints":{"allow":["GET"]}}],"collection":[{"href":"https:\/\/homedecor.bosc.co\/store\/wp-json\/wp\/v2\/product"}],"about":[{"href":"https:\/\/homedecor.bosc.co\/store\/wp-json\/wp\/v2\/types\/product"}],"replies":[{"embeddable":true,"href":"https:\/\/homedecor.bosc.co\/store\/wp-json\/wp\/v2\/comments?post=16036"}],"wp:featuredmedia":[{"embeddable":true,"href":"https:\/\/homedecor.bosc.co\/store\/wp-json\/wp\/v2\/media\/16037"}],"wp:attachment":[{"href":"https:\/\/homedecor.bosc.co\/store\/wp-json\/wp\/v2\/media?parent=16036"}],"wp:term":[{"taxonomy":"product_cat","embeddable":true,"href":"https:\/\/homedecor.bosc.co\/store\/wp-json\/wp\/v2\/product_cat?post=16036"},{"taxonomy":"product_tag","embeddable":true,"href":"https:\/\/homedecor.bosc.co\/store\/wp-json\/wp\/v2\/product_tag?post=16036"}],"curies":[{"name":"wp","href":"https:\/\/api.w.org\/{rel}","templated":true}]}}