{"id":16009,"date":"2021-09-11T14:19:22","date_gmt":"2021-09-11T19:19:22","guid":{"rendered":"https:\/\/homedecor.bosc.co\/store\/?post_type=product&#038;p=16009"},"modified":"2021-09-11T14:19:22","modified_gmt":"2021-09-11T19:19:22","slug":"copas-de-vino-lux","status":"publish","type":"product","link":"https:\/\/homedecor.bosc.co\/store\/producto\/copas-de-vino-lux\/","title":{"rendered":"Copas de Vino Lux"},"content":{"rendered":"<ul class=\"a-unordered-list a-vertical a-spacing-mini\">\n<li><span class=\"a-list-item\">hecho de vidrio de alta calidad, vidrio sin plomo, protecci\u00f3n del medio ambiente y la salud<\/span><\/li>\n<li><span class=\"a-list-item\">Capacidad: 5 oz. Tama\u00f1o: altura 7.9 in; calibre 2.0 in; di\u00e1metro inferior 2.8 in (altura 7.87 pulgadas; calibre 1.97 pulgadas; di\u00e1metro inferior 2.76 pulgadas)<\/span><\/li>\n<li><span class=\"a-list-item\">Estilo de dise\u00f1o: dise\u00f1o cl\u00e1sico de patr\u00f3n de relieve, elegante estilo retro, es la primera opci\u00f3n para reuniones familiares, banquetes, fiestas de boda.<\/span><\/li>\n<\/ul>\n","protected":false},"excerpt":{"rendered":"<p>hecho de vidrio de alta calidad, vidrio sin plomo, protecci\u00f3n del medio ambiente y la salud Capacidad: 5 oz. Tama\u00f1o: altura 7.9 in; calibre 2.0 in; di\u00e1metro inferior 2.8 in&hellip;<\/p>\n","protected":false},"featured_media":16010,"comment_status":"open","ping_status":"closed","template":"","meta":[],"product_cat":[167],"product_tag":[],"class_list":["post-16009","product","type-product","status-publish","has-post-thumbnail","hentry","product_cat-decorados","layout-style-1","col-md-4 col-sm-4 col-xs-6","product-has-gallery","product-style-default"],"_links":{"self":[{"href":"https:\/\/homedecor.bosc.co\/store\/wp-json\/wp\/v2\/product\/16009","targetHints":{"allow":["GET"]}}],"collection":[{"href":"https:\/\/homedecor.bosc.co\/store\/wp-json\/wp\/v2\/product"}],"about":[{"href":"https:\/\/homedecor.bosc.co\/store\/wp-json\/wp\/v2\/types\/product"}],"replies":[{"embeddable":true,"href":"https:\/\/homedecor.bosc.co\/store\/wp-json\/wp\/v2\/comments?post=16009"}],"wp:featuredmedia":[{"embeddable":true,"href":"https:\/\/homedecor.bosc.co\/store\/wp-json\/wp\/v2\/media\/16010"}],"wp:attachment":[{"href":"https:\/\/homedecor.bosc.co\/store\/wp-json\/wp\/v2\/media?parent=16009"}],"wp:term":[{"taxonomy":"product_cat","embeddable":true,"href":"https:\/\/homedecor.bosc.co\/store\/wp-json\/wp\/v2\/product_cat?post=16009"},{"taxonomy":"product_tag","embeddable":true,"href":"https:\/\/homedecor.bosc.co\/store\/wp-json\/wp\/v2\/product_tag?post=16009"}],"curies":[{"name":"wp","href":"https:\/\/api.w.org\/{rel}","templated":true}]}}