{"id":16004,"date":"2021-09-11T14:15:14","date_gmt":"2021-09-11T19:15:14","guid":{"rendered":"https:\/\/homedecor.bosc.co\/store\/?post_type=product&#038;p=16004"},"modified":"2021-09-11T14:15:15","modified_gmt":"2021-09-11T19:15:15","slug":"copas-de-vino-vintage","status":"publish","type":"product","link":"https:\/\/homedecor.bosc.co\/store\/producto\/copas-de-vino-vintage\/","title":{"rendered":"Copas de vino Vintage"},"content":{"rendered":"<ul class=\"a-unordered-list a-vertical a-spacing-mini\">\n<li><span class=\"a-list-item\">Copa de cristal de estilo vintage: las l\u00edneas art\u00edsticas delinean complejos patrones lineales en relieve, estilo vintage europeo para a\u00f1adir sofisticaci\u00f3n al vino, como una maravillosa obra de arte, \u00fanica en cualquier ocasi\u00f3n.<\/span><\/li>\n<li><span class=\"a-list-item\">Crea romance: cocido a alta temperatura, cristal transparente sin plomo para reflejar el brillo glorioso y brillante, a\u00f1adiendo m\u00e1s elegancia a la mesa y hacer que tengas un rom\u00e1ntico d\u00eda de San Valent\u00edn, boda o fiesta.<\/span><\/li>\n<\/ul>\n","protected":false},"excerpt":{"rendered":"<p>Copa de cristal de estilo vintage: las l\u00edneas art\u00edsticas delinean complejos patrones lineales en relieve, estilo vintage europeo para a\u00f1adir sofisticaci\u00f3n al vino, como una maravillosa obra de arte, \u00fanica&hellip;<\/p>\n","protected":false},"featured_media":16005,"comment_status":"open","ping_status":"closed","template":"","meta":[],"product_cat":[167],"product_tag":[],"class_list":["post-16004","product","type-product","status-publish","has-post-thumbnail","hentry","product_cat-decorados","layout-style-1","col-md-4 col-sm-4 col-xs-6","product-has-gallery","product-style-default"],"_links":{"self":[{"href":"https:\/\/homedecor.bosc.co\/store\/wp-json\/wp\/v2\/product\/16004","targetHints":{"allow":["GET"]}}],"collection":[{"href":"https:\/\/homedecor.bosc.co\/store\/wp-json\/wp\/v2\/product"}],"about":[{"href":"https:\/\/homedecor.bosc.co\/store\/wp-json\/wp\/v2\/types\/product"}],"replies":[{"embeddable":true,"href":"https:\/\/homedecor.bosc.co\/store\/wp-json\/wp\/v2\/comments?post=16004"}],"wp:featuredmedia":[{"embeddable":true,"href":"https:\/\/homedecor.bosc.co\/store\/wp-json\/wp\/v2\/media\/16005"}],"wp:attachment":[{"href":"https:\/\/homedecor.bosc.co\/store\/wp-json\/wp\/v2\/media?parent=16004"}],"wp:term":[{"taxonomy":"product_cat","embeddable":true,"href":"https:\/\/homedecor.bosc.co\/store\/wp-json\/wp\/v2\/product_cat?post=16004"},{"taxonomy":"product_tag","embeddable":true,"href":"https:\/\/homedecor.bosc.co\/store\/wp-json\/wp\/v2\/product_tag?post=16004"}],"curies":[{"name":"wp","href":"https:\/\/api.w.org\/{rel}","templated":true}]}}