{"id":15996,"date":"2021-09-11T12:56:42","date_gmt":"2021-09-11T17:56:42","guid":{"rendered":"https:\/\/homedecor.bosc.co\/store\/?post_type=product&#038;p=15996"},"modified":"2021-09-24T11:05:31","modified_gmt":"2021-09-24T16:05:31","slug":"funda-edredon-hamburgo","status":"publish","type":"product","link":"https:\/\/homedecor.bosc.co\/store\/producto\/funda-edredon-hamburgo\/","title":{"rendered":"Funda Edredon Hamburgo (Queen\/King)"},"content":{"rendered":"<ul class=\"a-unordered-list a-vertical a-spacing-mini\">\n<li><span class=\"a-list-item\">100 % Algod\u00f3n<\/span><\/li>\n<li><span class=\"a-list-item\">Renueva tu dormitorio con el juego de funda de edred\u00f3n reversible de algod\u00f3n de 3 piezas de Madison Park Isla.<\/span><\/li>\n<li><span class=\"a-list-item\">La funda de edred\u00f3n y las fundas de almohada cuentan con un dise\u00f1o floral bot\u00e1nico con un motivo de medall\u00f3n impreso en tonos de acuarela suaves y estampado de damasco en el reverso.<\/span><\/li>\n<li><span class=\"a-list-item\">Tela de algod\u00f3n con certificado Oeko-Tex para estar libre de productos qu\u00edmicos y sustancias nocivas. Equipado con 4 lazos en las esquinas y cierre de bot\u00f3n para asegurar que el relleno no se mueva<\/span><\/li>\n<li><span class=\"a-list-item\">El juego incluye: 1 funda de edred\u00f3n: 89.8\u00a0in de ancho x 89.8\u00a0in de largo, 2 fundas de almohada est\u00e1ndar: 19.7\u00a0in de ancho x 26.0\u00a0in de largo + 2.0\u00a0in de profundidad<\/span><\/li>\n<\/ul>\n","protected":false},"excerpt":{"rendered":"<p>100 % Algod\u00f3n Renueva tu dormitorio con el juego de funda de edred\u00f3n reversible de algod\u00f3n de 3 piezas de Madison Park Isla. La funda de edred\u00f3n y las fundas&hellip;<\/p>\n","protected":false},"featured_media":15997,"comment_status":"open","ping_status":"closed","template":"","meta":[],"product_cat":[160],"product_tag":[],"class_list":["post-15996","product","type-product","status-publish","has-post-thumbnail","hentry","product_cat-ropa-de-cama","layout-style-1","col-md-4 col-sm-4 col-xs-6","product-has-gallery","product-style-default"],"_links":{"self":[{"href":"https:\/\/homedecor.bosc.co\/store\/wp-json\/wp\/v2\/product\/15996","targetHints":{"allow":["GET"]}}],"collection":[{"href":"https:\/\/homedecor.bosc.co\/store\/wp-json\/wp\/v2\/product"}],"about":[{"href":"https:\/\/homedecor.bosc.co\/store\/wp-json\/wp\/v2\/types\/product"}],"replies":[{"embeddable":true,"href":"https:\/\/homedecor.bosc.co\/store\/wp-json\/wp\/v2\/comments?post=15996"}],"wp:featuredmedia":[{"embeddable":true,"href":"https:\/\/homedecor.bosc.co\/store\/wp-json\/wp\/v2\/media\/15997"}],"wp:attachment":[{"href":"https:\/\/homedecor.bosc.co\/store\/wp-json\/wp\/v2\/media?parent=15996"}],"wp:term":[{"taxonomy":"product_cat","embeddable":true,"href":"https:\/\/homedecor.bosc.co\/store\/wp-json\/wp\/v2\/product_cat?post=15996"},{"taxonomy":"product_tag","embeddable":true,"href":"https:\/\/homedecor.bosc.co\/store\/wp-json\/wp\/v2\/product_tag?post=15996"}],"curies":[{"name":"wp","href":"https:\/\/api.w.org\/{rel}","templated":true}]}}