{"id":15991,"date":"2021-09-11T12:52:35","date_gmt":"2021-09-11T17:52:35","guid":{"rendered":"https:\/\/homedecor.bosc.co\/store\/?post_type=product&#038;p=15991"},"modified":"2021-09-13T13:49:29","modified_gmt":"2021-09-13T18:49:29","slug":"funda-edredon-munich","status":"publish","type":"product","link":"https:\/\/homedecor.bosc.co\/store\/producto\/funda-edredon-munich\/","title":{"rendered":"Funda Edredon Munich (Queen)"},"content":{"rendered":"<ul class=\"a-unordered-list a-vertical a-spacing-mini\">\n<li><span class=\"a-list-item\">Tela de alta calidad: este juego de funda de edred\u00f3n est\u00e1 hecho de microfibra de sarga de 4.41 oz\/m\u00b2, la mayor\u00eda de otras fundas de edred\u00f3n son de microfibra de 3.17 oz\/m\u00b2. Por lo que en comparaci\u00f3n con otras fundas de edred\u00f3n, la funda Munich es m\u00e1s duradera. Este juego de funda de edred\u00f3n de exquisito colorido estampado a rayas es \u00fanico y texturizado, por lo que es un regalo perfecto para ti.<\/span><\/li>\n<li><span class=\"a-list-item\">Hermosa y f\u00e1cil de usar: esta funda de edred\u00f3n utiliza el exquisito dise\u00f1o de cierre de cremallera oculta duradero, f\u00e1cil de poner y quitar tu edred\u00f3n de esta funda, dise\u00f1o delicado y moderno permite que el juego de cama ya sea pr\u00e1ctico y bonito.<\/span><\/li>\n<\/ul>\n","protected":false},"excerpt":{"rendered":"<p>Tela de alta calidad: este juego de funda de edred\u00f3n est\u00e1 hecho de microfibra de sarga de 4.41 oz\/m\u00b2, la mayor\u00eda de otras fundas de edred\u00f3n son de microfibra de&hellip;<\/p>\n","protected":false},"featured_media":15992,"comment_status":"open","ping_status":"closed","template":"","meta":[],"product_cat":[160],"product_tag":[],"class_list":["post-15991","product","type-product","status-publish","has-post-thumbnail","hentry","product_cat-ropa-de-cama","layout-style-1","col-md-4 col-sm-4 col-xs-6","product-has-gallery","product-style-default"],"_links":{"self":[{"href":"https:\/\/homedecor.bosc.co\/store\/wp-json\/wp\/v2\/product\/15991","targetHints":{"allow":["GET"]}}],"collection":[{"href":"https:\/\/homedecor.bosc.co\/store\/wp-json\/wp\/v2\/product"}],"about":[{"href":"https:\/\/homedecor.bosc.co\/store\/wp-json\/wp\/v2\/types\/product"}],"replies":[{"embeddable":true,"href":"https:\/\/homedecor.bosc.co\/store\/wp-json\/wp\/v2\/comments?post=15991"}],"wp:featuredmedia":[{"embeddable":true,"href":"https:\/\/homedecor.bosc.co\/store\/wp-json\/wp\/v2\/media\/15992"}],"wp:attachment":[{"href":"https:\/\/homedecor.bosc.co\/store\/wp-json\/wp\/v2\/media?parent=15991"}],"wp:term":[{"taxonomy":"product_cat","embeddable":true,"href":"https:\/\/homedecor.bosc.co\/store\/wp-json\/wp\/v2\/product_cat?post=15991"},{"taxonomy":"product_tag","embeddable":true,"href":"https:\/\/homedecor.bosc.co\/store\/wp-json\/wp\/v2\/product_tag?post=15991"}],"curies":[{"name":"wp","href":"https:\/\/api.w.org\/{rel}","templated":true}]}}