{"id":15980,"date":"2021-09-11T12:44:53","date_gmt":"2021-09-11T17:44:53","guid":{"rendered":"https:\/\/homedecor.bosc.co\/store\/?post_type=product&#038;p=15980"},"modified":"2021-09-13T13:42:59","modified_gmt":"2021-09-13T18:42:59","slug":"funda-edredon-sagenay","status":"publish","type":"product","link":"https:\/\/homedecor.bosc.co\/store\/producto\/funda-edredon-sagenay\/","title":{"rendered":"Funda Edredon Sagenay (Queen\/King)"},"content":{"rendered":"<ul class=\"a-unordered-list a-vertical a-spacing-mini\">\n<li><span class=\"a-list-item\">100 % chenilla.<\/span><\/li>\n<li><span class=\"a-list-item\">Bordado tridimensional 100% algod\u00f3n de gran tama\u00f1o con lazos ocultos y cierres de bot\u00f3n.<\/span><\/li>\n<li><span class=\"a-list-item\">Edred\u00f3n\/funda: tela 100% algod\u00f3n en la parte delantera, bordado de chenilla. Reverso de algod\u00f3n s\u00f3lido. Apertura con botones.<\/span><\/li>\n<li><span class=\"a-list-item\">1 funda de edred\u00f3n: 105.9\u00a0in de ancho x 89.8\u00a0in de largo, 2 fundas de almohada: 19.7\u00a0in de ancho x 35.8\u00a0in de largo + 2.0\u00a0in de profundidad.<\/span><\/li>\n<li><span class=\"a-list-item\">Se puede lavar a m\u00e1quina.<\/span><\/li>\n<\/ul>\n","protected":false},"excerpt":{"rendered":"<p>100 % chenilla. Bordado tridimensional 100% algod\u00f3n de gran tama\u00f1o con lazos ocultos y cierres de bot\u00f3n. Edred\u00f3n\/funda: tela 100% algod\u00f3n en la parte delantera, bordado de chenilla. Reverso de&hellip;<\/p>\n","protected":false},"featured_media":15981,"comment_status":"open","ping_status":"closed","template":"","meta":[],"product_cat":[160],"product_tag":[],"class_list":["post-15980","product","type-product","status-publish","has-post-thumbnail","hentry","product_cat-ropa-de-cama","layout-style-1","col-md-4 col-sm-4 col-xs-6","product-has-gallery","product-style-default"],"_links":{"self":[{"href":"https:\/\/homedecor.bosc.co\/store\/wp-json\/wp\/v2\/product\/15980","targetHints":{"allow":["GET"]}}],"collection":[{"href":"https:\/\/homedecor.bosc.co\/store\/wp-json\/wp\/v2\/product"}],"about":[{"href":"https:\/\/homedecor.bosc.co\/store\/wp-json\/wp\/v2\/types\/product"}],"replies":[{"embeddable":true,"href":"https:\/\/homedecor.bosc.co\/store\/wp-json\/wp\/v2\/comments?post=15980"}],"wp:featuredmedia":[{"embeddable":true,"href":"https:\/\/homedecor.bosc.co\/store\/wp-json\/wp\/v2\/media\/15981"}],"wp:attachment":[{"href":"https:\/\/homedecor.bosc.co\/store\/wp-json\/wp\/v2\/media?parent=15980"}],"wp:term":[{"taxonomy":"product_cat","embeddable":true,"href":"https:\/\/homedecor.bosc.co\/store\/wp-json\/wp\/v2\/product_cat?post=15980"},{"taxonomy":"product_tag","embeddable":true,"href":"https:\/\/homedecor.bosc.co\/store\/wp-json\/wp\/v2\/product_tag?post=15980"}],"curies":[{"name":"wp","href":"https:\/\/api.w.org\/{rel}","templated":true}]}}