{"id":15969,"date":"2021-09-11T12:36:18","date_gmt":"2021-09-11T17:36:18","guid":{"rendered":"https:\/\/homedecor.bosc.co\/store\/?post_type=product&#038;p=15969"},"modified":"2021-09-13T13:29:34","modified_gmt":"2021-09-13T18:29:34","slug":"funda-edredon-barrie","status":"publish","type":"product","link":"https:\/\/homedecor.bosc.co\/store\/producto\/funda-edredon-barrie\/","title":{"rendered":"Funda Edredon Barrie (Doble\/Queen)"},"content":{"rendered":"<ul class=\"a-unordered-list a-vertical a-spacing-mini\">\n<li><span class=\"a-list-item\">Tama\u00f1o individual: funda de edred\u00f3n: 67.7 x 85.8\u00a0in, funda de almohada: 19.7 x 26.0\u00a0in. P.D.: Edred\u00f3n y s\u00e1bana bajera no incluidos.<\/span><\/li>\n<li><span class=\"a-list-item\">1 funda de edred\u00f3n y 2 opciones: reversible con versi\u00f3n A y B. Un lado \u25b6 Delicada impresi\u00f3n de cuento de hadas de dibujos animados. Elefante, tigre, mono, escarabajo, jirafa, le\u00f3n, cocodrilo, gato; lado B: patr\u00f3n geom\u00e9trico en el fondo amarillo.<\/span><\/li>\n<li><span class=\"a-list-item\">Dise\u00f1o humanizado: todas nuestras fundas de edred\u00f3n est\u00e1n dise\u00f1adas para tener un cierre de cremallera oculto y 4 lazos en las esquinas. El cierre de cremallera puede poner la funda de edred\u00f3n en tu edred\u00f3n de forma eficaz y hermosa. Lazos interiores de 4 esquinas para mantener tu edred\u00f3n en el lugar correcto. Estos detalles est\u00e1n pensados para garantizar que obtengas una noche de sue\u00f1o tranquilo.<\/span><\/li>\n<\/ul>\n","protected":false},"excerpt":{"rendered":"<p>Tama\u00f1o individual: funda de edred\u00f3n: 67.7 x 85.8\u00a0in, funda de almohada: 19.7 x 26.0\u00a0in. P.D.: Edred\u00f3n y s\u00e1bana bajera no incluidos. 1 funda de edred\u00f3n y 2 opciones: reversible con&hellip;<\/p>\n","protected":false},"featured_media":15970,"comment_status":"open","ping_status":"closed","template":"","meta":[],"product_cat":[160],"product_tag":[],"class_list":["post-15969","product","type-product","status-publish","has-post-thumbnail","hentry","product_cat-ropa-de-cama","layout-style-1","col-md-4 col-sm-4 col-xs-6","product-has-gallery","product-style-default"],"_links":{"self":[{"href":"https:\/\/homedecor.bosc.co\/store\/wp-json\/wp\/v2\/product\/15969","targetHints":{"allow":["GET"]}}],"collection":[{"href":"https:\/\/homedecor.bosc.co\/store\/wp-json\/wp\/v2\/product"}],"about":[{"href":"https:\/\/homedecor.bosc.co\/store\/wp-json\/wp\/v2\/types\/product"}],"replies":[{"embeddable":true,"href":"https:\/\/homedecor.bosc.co\/store\/wp-json\/wp\/v2\/comments?post=15969"}],"wp:featuredmedia":[{"embeddable":true,"href":"https:\/\/homedecor.bosc.co\/store\/wp-json\/wp\/v2\/media\/15970"}],"wp:attachment":[{"href":"https:\/\/homedecor.bosc.co\/store\/wp-json\/wp\/v2\/media?parent=15969"}],"wp:term":[{"taxonomy":"product_cat","embeddable":true,"href":"https:\/\/homedecor.bosc.co\/store\/wp-json\/wp\/v2\/product_cat?post=15969"},{"taxonomy":"product_tag","embeddable":true,"href":"https:\/\/homedecor.bosc.co\/store\/wp-json\/wp\/v2\/product_tag?post=15969"}],"curies":[{"name":"wp","href":"https:\/\/api.w.org\/{rel}","templated":true}]}}