{"id":15962,"date":"2021-09-11T12:31:10","date_gmt":"2021-09-11T17:31:10","guid":{"rendered":"https:\/\/homedecor.bosc.co\/store\/?post_type=product&#038;p=15962"},"modified":"2021-09-13T13:28:43","modified_gmt":"2021-09-13T18:28:43","slug":"funda-edredon-kingston","status":"publish","type":"product","link":"https:\/\/homedecor.bosc.co\/store\/producto\/funda-edredon-kingston\/","title":{"rendered":"Funda Edredon Kingston (Doble\/Queen)"},"content":{"rendered":"<ul class=\"a-unordered-list a-vertical a-spacing-mini\">\n<li><span class=\"a-list-item\">Juego de funda de edred\u00f3n 100% algod\u00f3n natural con cierre de cremallera y lazo en las esquinas. No incluye edred\u00f3n.<\/span><\/li>\n<li><span class=\"a-list-item\">Importado<\/span><\/li>\n<li><span class=\"a-list-item\">Juego de funda de edred\u00f3n de 3 piezas, cierre de cremallera y 4 lazos en las esquinas para mantener el edred\u00f3n en su lugar. El algod\u00f3n natural es resistente a las arrugas y a la decoloraci\u00f3n<\/span><\/li>\n<li><span class=\"a-list-item\">Juego de funda de edred\u00f3n con dise\u00f1o de dinosaurios de tama\u00f1o individual (3 piezas): 1 funda de edred\u00f3n individual (67.7 x 85.8 in) y 2 fundas de almohada est\u00e1ndar (19.7 x 26.0 in) sin edred\u00f3n ni s\u00e1bana.<\/span><\/li>\n<\/ul>\n","protected":false},"excerpt":{"rendered":"<p>Juego de funda de edred\u00f3n 100% algod\u00f3n natural con cierre de cremallera y lazo en las esquinas. No incluye edred\u00f3n. Importado Juego de funda de edred\u00f3n de 3 piezas, cierre&hellip;<\/p>\n","protected":false},"featured_media":15964,"comment_status":"open","ping_status":"closed","template":"","meta":[],"product_cat":[160],"product_tag":[],"class_list":["post-15962","product","type-product","status-publish","has-post-thumbnail","hentry","product_cat-ropa-de-cama","layout-style-1","col-md-4 col-sm-4 col-xs-6","product-has-gallery","product-style-default"],"_links":{"self":[{"href":"https:\/\/homedecor.bosc.co\/store\/wp-json\/wp\/v2\/product\/15962","targetHints":{"allow":["GET"]}}],"collection":[{"href":"https:\/\/homedecor.bosc.co\/store\/wp-json\/wp\/v2\/product"}],"about":[{"href":"https:\/\/homedecor.bosc.co\/store\/wp-json\/wp\/v2\/types\/product"}],"replies":[{"embeddable":true,"href":"https:\/\/homedecor.bosc.co\/store\/wp-json\/wp\/v2\/comments?post=15962"}],"wp:featuredmedia":[{"embeddable":true,"href":"https:\/\/homedecor.bosc.co\/store\/wp-json\/wp\/v2\/media\/15964"}],"wp:attachment":[{"href":"https:\/\/homedecor.bosc.co\/store\/wp-json\/wp\/v2\/media?parent=15962"}],"wp:term":[{"taxonomy":"product_cat","embeddable":true,"href":"https:\/\/homedecor.bosc.co\/store\/wp-json\/wp\/v2\/product_cat?post=15962"},{"taxonomy":"product_tag","embeddable":true,"href":"https:\/\/homedecor.bosc.co\/store\/wp-json\/wp\/v2\/product_tag?post=15962"}],"curies":[{"name":"wp","href":"https:\/\/api.w.org\/{rel}","templated":true}]}}