{"id":15956,"date":"2021-09-11T12:24:06","date_gmt":"2021-09-11T17:24:06","guid":{"rendered":"https:\/\/homedecor.bosc.co\/store\/?post_type=product&#038;p=15956"},"modified":"2021-09-13T13:27:46","modified_gmt":"2021-09-13T18:27:46","slug":"funda-edredon-markham","status":"publish","type":"product","link":"https:\/\/homedecor.bosc.co\/store\/producto\/funda-edredon-markham\/","title":{"rendered":"Funda Edredon Markham (Queen\/King)"},"content":{"rendered":"<ul class=\"a-unordered-list a-vertical a-spacing-mini\">\n<li><span class=\"a-list-item\">100 % Algod\u00f3n<\/span><\/li>\n<li><span class=\"a-list-item\">Importado<\/span><\/li>\n<li><span class=\"a-list-item\">El paquete incluye:1 funda de edred\u00f3n dise\u00f1ada con cierre de cremallera y 2 fundas de almohada con cierre de sobre. Ten en cuenta que la funda de edred\u00f3n no es un edred\u00f3n, ni una colcha, es una funda que puede evitar que tu edred\u00f3n se ensucie f\u00e1cilmente y se puede lavar con la frecuencia que lavas una s\u00e1bana com\u00fan.<\/span><\/li>\n<li><span class=\"a-list-item\">100% algod\u00f3n: Juego de funda de edred\u00f3n de algod\u00f3n de 200 hilos, ultra suave y c\u00f3modo que ayuda a tener un sue\u00f1o reparador, apto para todas las estaciones. Es un excelente regalo de cumplea\u00f1os, aniversario especial, d\u00eda de Acci\u00f3n de Gracias, Navidad, A\u00f1o Nuevo, para tus hijos, seres queridos o familiares y amigos.<\/span><\/li>\n<\/ul>\n","protected":false},"excerpt":{"rendered":"<p>100 % Algod\u00f3n Importado El paquete incluye:1 funda de edred\u00f3n dise\u00f1ada con cierre de cremallera y 2 fundas de almohada con cierre de sobre. Ten en cuenta que la funda&hellip;<\/p>\n","protected":false},"featured_media":15957,"comment_status":"open","ping_status":"closed","template":"","meta":[],"product_cat":[160],"product_tag":[],"class_list":["post-15956","product","type-product","status-publish","has-post-thumbnail","hentry","product_cat-ropa-de-cama","layout-style-1","col-md-4 col-sm-4 col-xs-6","product-has-gallery","product-style-default"],"_links":{"self":[{"href":"https:\/\/homedecor.bosc.co\/store\/wp-json\/wp\/v2\/product\/15956","targetHints":{"allow":["GET"]}}],"collection":[{"href":"https:\/\/homedecor.bosc.co\/store\/wp-json\/wp\/v2\/product"}],"about":[{"href":"https:\/\/homedecor.bosc.co\/store\/wp-json\/wp\/v2\/types\/product"}],"replies":[{"embeddable":true,"href":"https:\/\/homedecor.bosc.co\/store\/wp-json\/wp\/v2\/comments?post=15956"}],"wp:featuredmedia":[{"embeddable":true,"href":"https:\/\/homedecor.bosc.co\/store\/wp-json\/wp\/v2\/media\/15957"}],"wp:attachment":[{"href":"https:\/\/homedecor.bosc.co\/store\/wp-json\/wp\/v2\/media?parent=15956"}],"wp:term":[{"taxonomy":"product_cat","embeddable":true,"href":"https:\/\/homedecor.bosc.co\/store\/wp-json\/wp\/v2\/product_cat?post=15956"},{"taxonomy":"product_tag","embeddable":true,"href":"https:\/\/homedecor.bosc.co\/store\/wp-json\/wp\/v2\/product_tag?post=15956"}],"curies":[{"name":"wp","href":"https:\/\/api.w.org\/{rel}","templated":true}]}}