{"id":15946,"date":"2021-09-11T12:17:04","date_gmt":"2021-09-11T17:17:04","guid":{"rendered":"https:\/\/homedecor.bosc.co\/store\/?post_type=product&#038;p=15946"},"modified":"2021-09-13T13:22:00","modified_gmt":"2021-09-13T18:22:00","slug":"funda-edredon-brampton","status":"publish","type":"product","link":"https:\/\/homedecor.bosc.co\/store\/producto\/funda-edredon-brampton\/","title":{"rendered":"Funda Edredon Brampton (Queen)"},"content":{"rendered":"<ul class=\"a-unordered-list a-vertical a-spacing-mini\">\n<li><span class=\"a-list-item\">Dise\u00f1o est\u00e9tico: esta funda de edred\u00f3n con patr\u00f3n floral est\u00e1 dise\u00f1ada como una funda extra\u00edble con cierre de cremallera oculta, reversible rosa y blanco, estampado de flores peque\u00f1as, adecuado para ni\u00f1as, mujeres, adolescentes, ni\u00f1os, estudiantes, gran idea de regalo para Navidad, A\u00f1o Nuevo, cumplea\u00f1os, vacaciones o d\u00edas especiales<\/span><\/li>\n<li><span class=\"a-list-item\">Colecci\u00f3n de ropa de cama floral: 1 funda de edred\u00f3n Full\/Queen (89.8 x 89.8 pulgadas) y 2 fundas de almohada (19.7 x 26.0 pulgadas)<\/span><\/li>\n<li><span class=\"a-list-item\">Detalles superiores: la funda de edred\u00f3n tiene un cierre de cremallera y un lazo en las esquinas para sujetar tu edred\u00f3n, f\u00e1cil de lavar y proteger tu edred\u00f3n de te\u00f1ir<\/span><\/li>\n<\/ul>\n","protected":false},"excerpt":{"rendered":"<p>Dise\u00f1o est\u00e9tico: esta funda de edred\u00f3n con patr\u00f3n floral est\u00e1 dise\u00f1ada como una funda extra\u00edble con cierre de cremallera oculta, reversible rosa y blanco, estampado de flores peque\u00f1as, adecuado para&hellip;<\/p>\n","protected":false},"featured_media":15947,"comment_status":"open","ping_status":"closed","template":"","meta":[],"product_cat":[160],"product_tag":[],"class_list":["post-15946","product","type-product","status-publish","has-post-thumbnail","hentry","product_cat-ropa-de-cama","layout-style-1","col-md-4 col-sm-4 col-xs-6","product-has-gallery","product-style-default"],"_links":{"self":[{"href":"https:\/\/homedecor.bosc.co\/store\/wp-json\/wp\/v2\/product\/15946","targetHints":{"allow":["GET"]}}],"collection":[{"href":"https:\/\/homedecor.bosc.co\/store\/wp-json\/wp\/v2\/product"}],"about":[{"href":"https:\/\/homedecor.bosc.co\/store\/wp-json\/wp\/v2\/types\/product"}],"replies":[{"embeddable":true,"href":"https:\/\/homedecor.bosc.co\/store\/wp-json\/wp\/v2\/comments?post=15946"}],"wp:featuredmedia":[{"embeddable":true,"href":"https:\/\/homedecor.bosc.co\/store\/wp-json\/wp\/v2\/media\/15947"}],"wp:attachment":[{"href":"https:\/\/homedecor.bosc.co\/store\/wp-json\/wp\/v2\/media?parent=15946"}],"wp:term":[{"taxonomy":"product_cat","embeddable":true,"href":"https:\/\/homedecor.bosc.co\/store\/wp-json\/wp\/v2\/product_cat?post=15946"},{"taxonomy":"product_tag","embeddable":true,"href":"https:\/\/homedecor.bosc.co\/store\/wp-json\/wp\/v2\/product_tag?post=15946"}],"curies":[{"name":"wp","href":"https:\/\/api.w.org\/{rel}","templated":true}]}}