{"id":15943,"date":"2021-09-11T12:12:36","date_gmt":"2021-09-11T17:12:36","guid":{"rendered":"https:\/\/homedecor.bosc.co\/store\/?post_type=product&#038;p=15943"},"modified":"2021-09-13T13:19:03","modified_gmt":"2021-09-13T18:19:03","slug":"funda-edredon-surrey","status":"publish","type":"product","link":"https:\/\/homedecor.bosc.co\/store\/producto\/funda-edredon-surrey\/","title":{"rendered":"Funda Edredon Surrey (Queen)"},"content":{"rendered":"<ul class=\"a-unordered-list a-vertical a-spacing-mini\">\n<li><span class=\"a-list-item\">Material: 100% algod\u00f3n de primera calidad que brinda una calidez y suavidad especiales, ligera y suave experiencia de felpa, transpirable y c\u00f3moda, pero no se arruga ni se decolora.<\/span><\/li>\n<li><span class=\"a-list-item\">Tama\u00f1o: La s\u00e1bana de caj\u00f3n ajustable de tama\u00f1o individual mide 39\u201d x 75\u201d con bolsillo de 15\u201d; la s\u00e1bana de caj\u00f3n de tama\u00f1o Queen mide 60\u201d x 80&#8243; con bolsillo de 15&#8243;; la s\u00e1bana de caj\u00f3n de tama\u00f1o King mide 78\u201d x 80&#8243; con bolsillo de 15&#8243;<\/span><\/li>\n<li><span class=\"a-list-item\">Cuidado f\u00e1cil: No se decolora, no se mancha, no se encoge ni se arruga. Lavar en lavadora con agua fr\u00eda. Se seca r\u00e1pidamente en secadora a baja temperatura. M\u00e1s durable que el algod\u00f3n.<\/span><\/li>\n<\/ul>\n","protected":false},"excerpt":{"rendered":"<p>Material: 100% algod\u00f3n de primera calidad que brinda una calidez y suavidad especiales, ligera y suave experiencia de felpa, transpirable y c\u00f3moda, pero no se arruga ni se decolora. Tama\u00f1o:&hellip;<\/p>\n","protected":false},"featured_media":15944,"comment_status":"open","ping_status":"closed","template":"","meta":[],"product_cat":[160],"product_tag":[],"class_list":["post-15943","product","type-product","status-publish","has-post-thumbnail","hentry","product_cat-ropa-de-cama","layout-style-1","col-md-4 col-sm-4 col-xs-6","product-has-gallery","product-style-default"],"_links":{"self":[{"href":"https:\/\/homedecor.bosc.co\/store\/wp-json\/wp\/v2\/product\/15943","targetHints":{"allow":["GET"]}}],"collection":[{"href":"https:\/\/homedecor.bosc.co\/store\/wp-json\/wp\/v2\/product"}],"about":[{"href":"https:\/\/homedecor.bosc.co\/store\/wp-json\/wp\/v2\/types\/product"}],"replies":[{"embeddable":true,"href":"https:\/\/homedecor.bosc.co\/store\/wp-json\/wp\/v2\/comments?post=15943"}],"wp:featuredmedia":[{"embeddable":true,"href":"https:\/\/homedecor.bosc.co\/store\/wp-json\/wp\/v2\/media\/15944"}],"wp:attachment":[{"href":"https:\/\/homedecor.bosc.co\/store\/wp-json\/wp\/v2\/media?parent=15943"}],"wp:term":[{"taxonomy":"product_cat","embeddable":true,"href":"https:\/\/homedecor.bosc.co\/store\/wp-json\/wp\/v2\/product_cat?post=15943"},{"taxonomy":"product_tag","embeddable":true,"href":"https:\/\/homedecor.bosc.co\/store\/wp-json\/wp\/v2\/product_tag?post=15943"}],"curies":[{"name":"wp","href":"https:\/\/api.w.org\/{rel}","templated":true}]}}